{"id":31326,"date":"2026-05-06T15:43:35","date_gmt":"2026-05-06T07:43:35","guid":{"rendered":"https:\/\/mantuglobal.com\/product\/hualing-hydraulic-transmission-fluid-atf-18l-automatic-transmission-oil\/"},"modified":"2026-05-06T15:43:35","modified_gmt":"2026-05-06T07:43:35","slug":"hualing-hydraulic-transmission-fluid-atf-18l-automatic-transmission-oil","status":"publish","type":"product","link":"https:\/\/mantuglobal.com\/vi\/product\/hualing-hydraulic-transmission-fluid-atf-18l-automatic-transmission-oil\/","title":{"rendered":"D\u1ea7u truy\u1ec1n \u0111\u1ed9ng th\u1ee7y l\u1ef1c HUALING ATF 18L \u2013 D\u1ea7u h\u1ed9p s\u1ed1 t\u1ef1 \u0111\u1ed9ng"},"content":{"rendered":"<p><strong>Ch\u1ea5t l\u1ecfng truy\u1ec1n th\u1ee7y l\u1ef1c HUALING ATF 18L<\/strong><\/p>\n<p>D\u1ea7u truy\u1ec1n \u0111\u1ed9ng th\u1ee7y l\u1ef1c cao c\u1ea5p d\u00e0nh cho h\u1ed9p s\u1ed1 t\u1ef1 \u0111\u1ed9ng v\u00e0 b\u1ed9 chuy\u1ec3n \u0111\u1ed5i th\u1ee7y l\u1ef1c. Th\u1ec3 t\u00edch 18L (16,5kg m\u1ed7i th\u00f9ng). \u0110\u1ea3m b\u1ea3o chuy\u1ec3n s\u1ed1 \u00eam \u00e1i v\u00e0 tu\u1ed5i th\u1ecd linh ki\u1ec7n d\u00e0i.<\/p>\n<p><strong>Th\u00f4ng s\u1ed1 k\u1ef9 thu\u1eadt:<\/strong><\/p>\n<table>\n<tr>\n<td><strong>s\u1ea3n ph\u1ea9m<\/strong><\/td>\n<td>Ch\u1ea5t l\u1ecfng truy\u1ec1n th\u1ee7y l\u1ef1c<\/td>\n<\/tr>\n<tr>\n<td><strong>lo\u1ea1i<\/strong><\/td>\n<td>ATF (Ch\u1ea5t l\u1ecfng truy\u1ec1n t\u1ef1 \u0111\u1ed9ng)<\/td>\n<\/tr>\n<tr>\n<td><strong>c\u00f4ng su\u1ea5t<\/strong><\/td>\n<td>18L<\/td>\n<\/tr>\n<tr>\n<td><strong>c\u00e2n n\u1eb7ng<\/strong><\/td>\n<td>16,5kg\/th\u00f9ng<\/td>\n<\/tr>\n<tr>\n<td><strong>Xu\u1ea5t x\u1ee9<\/strong><\/td>\n<td>S\u01a1n \u0110\u00f4ng, Trung Qu\u1ed1c<\/td>\n<\/tr>\n<tr>\n<td><strong>Gi\u00e1 (EXW)<\/strong><\/td>\n<td>RMB \uffe5160\/\u0111\u01a1n v\u1ecb<\/td>\n<\/tr>\n<\/table>\n<p><strong>C\u00e1c t\u00ednh n\u0103ng ch\u00ednh:<\/strong><\/p>\n<ul>\n<li>\u0110\u1eb7c t\u00ednh ma s\u00e1t tuy\u1ec7t v\u1eddi gi\u00fap kh\u1edbp ly h\u1ee3p tr\u01a1n tru<\/li>\n<li>B\u1ea3o v\u1ec7 ch\u1ed1ng m\u00e0i m\u00f2n v\u01b0\u1ee3t tr\u1ed9i cho c\u00e1c b\u1ed9 ph\u1eadn truy\u1ec1n \u0111\u1ed9ng<\/li>\n<li>\u0110\u1ed9 \u1ed5n \u0111\u1ecbnh nhi\u1ec7t v\u00e0 oxy h\u00f3a cao<\/li>\n<li>Kh\u1ea3 n\u0103ng t\u01b0\u01a1ng th\u00edch con d\u1ea5u t\u1ed1t<\/li>\n<li>\u0110\u1ea3m b\u1ea3o truy\u1ec1n l\u1ef1c tr\u01a1n tru trong b\u1ed9 chuy\u1ec3n \u0111\u1ed5i th\u1ee7y l\u1ef1c<\/li>\n<\/ul>\n<p><strong>\u1ee8ng d\u1ee5ng:<\/strong> H\u1ed9p s\u1ed1 t\u1ef1 \u0111\u1ed9ng, b\u1ed9 bi\u1ebfn th\u1ee7y l\u1ef1c, h\u1ec7 th\u1ed1ng l\u00e1i tr\u1ee3 l\u1ef1c, thi\u1ebft b\u1ecb th\u1ee7y l\u1ef1c<\/p>\n<p><strong>Nh\u00e0 s\u1ea3n xu\u1ea5t:<\/strong> B\u00d4I TR\u01a0N HUALING | S\u01a1n \u0110\u00f4ng, Trung Qu\u1ed1c<\/p>","protected":false},"excerpt":{"rendered":"<p>D\u1ea7u truy\u1ec1n \u0111\u1ed9ng th\u1ee7y l\u1ef1c, 18L (16,5kg). D\u00f9ng cho h\u1ed9p s\u1ed1 t\u1ef1 \u0111\u1ed9ng, b\u1ed9 bi\u1ebfn th\u1ee7y l\u1ef1c, tr\u1ee3 l\u1ef1c l\u00e1i. Chuy\u1ec3n s\u1ed1 m\u01b0\u1ee3t m\u00e0 v\u00e0 b\u1ea3o v\u1ec7 ch\u1ed1ng m\u00e0i m\u00f2n.<\/p>","protected":false},"featured_media":31325,"comment_status":"closed","ping_status":"closed","template":"","meta":{"_acf_changed":false},"product_brand":[],"product_cat":[693],"product_tag":[],"class_list":{"0":"post-31326","1":"product","2":"type-product","3":"status-publish","4":"has-post-thumbnail","6":"product_cat-hydraulic-oil","8":"first","9":"instock","10":"shipping-taxable","11":"product-type-simple"},"acf":[],"_links":{"self":[{"href":"https:\/\/mantuglobal.com\/vi\/wp-json\/wp\/v2\/product\/31326","targetHints":{"allow":["GET"]}}],"collection":[{"href":"https:\/\/mantuglobal.com\/vi\/wp-json\/wp\/v2\/product"}],"about":[{"href":"https:\/\/mantuglobal.com\/vi\/wp-json\/wp\/v2\/types\/product"}],"replies":[{"embeddable":true,"href":"https:\/\/mantuglobal.com\/vi\/wp-json\/wp\/v2\/comments?post=31326"}],"version-history":[{"count":0,"href":"https:\/\/mantuglobal.com\/vi\/wp-json\/wp\/v2\/product\/31326\/revisions"}],"wp:featuredmedia":[{"embeddable":true,"href":"https:\/\/mantuglobal.com\/vi\/wp-json\/wp\/v2\/media\/31325"}],"wp:attachment":[{"href":"https:\/\/mantuglobal.com\/vi\/wp-json\/wp\/v2\/media?parent=31326"}],"wp:term":[{"taxonomy":"product_brand","embeddable":true,"href":"https:\/\/mantuglobal.com\/vi\/wp-json\/wp\/v2\/product_brand?post=31326"},{"taxonomy":"product_cat","embeddable":true,"href":"https:\/\/mantuglobal.com\/vi\/wp-json\/wp\/v2\/product_cat?post=31326"},{"taxonomy":"product_tag","embeddable":true,"href":"https:\/\/mantuglobal.com\/vi\/wp-json\/wp\/v2\/product_tag?post=31326"}],"curies":[{"name":"wp","href":"https:\/\/api.w.org\/{rel}","templated":true}]}}