{"id":31228,"date":"2026-04-29T14:31:19","date_gmt":"2026-04-29T06:31:19","guid":{"rendered":"https:\/\/mantuglobal.com\/product\/freeze-dried-chicken-pumpkin-cat-paw-lollipop-cute-shape-cat-treat\/"},"modified":"2026-04-29T14:31:19","modified_gmt":"2026-04-29T06:31:19","slug":"freeze-dried-chicken-pumpkin-cat-paw-lollipop-cute-shape-cat-treat","status":"publish","type":"product","link":"https:\/\/mantuglobal.com\/tr\/product\/freeze-dried-chicken-pumpkin-cat-paw-lollipop-cute-shape-cat-treat\/","title":{"rendered":"Dondurularak Kurutulmu\u015f Tavuk Balkaba\u011f\u0131 Kedi Pen\u00e7esi Lolipop - Sevimli \u015eekilli Kedi \u00d6d\u00fcl\u00fc"},"content":{"rendered":"<p><strong>Dondurularak Kurutulmu\u015f Tavuk Balkaba\u011f\u0131 Kedi Pen\u00e7esi Lolipop<\/strong><\/p>\n<p>Instagram'a yak\u0131\u015fan kedi pen\u00e7esi \u015feklindeki balkabakl\u0131 ikramlar. Sevimli ve i\u015flevsel.<\/p>\n<p><strong>Temel Faydalar:<\/strong><\/p>\n<ul>\n<li>Sevimli Kedi Pen\u00e7esi Tasar\u0131m\u0131 \u2013 Instagram'a lay\u0131k ikramlar<\/li>\n<li>Sindirim i\u00e7in Balkaba\u011f\u0131 \u2013 Do\u011fal lif kayna\u011f\u0131<\/li>\n<li>\u0130nteraktif Oyun \u2013 Avlanma i\u00e7g\u00fcd\u00fclerini te\u015fvik eder<\/li>\n<li>M\u00fckemmel Porsiyon \u2013 Tek servislik ikram<\/li>\n<li>Tah\u0131ls\u0131z \u2013 Hassas kediler i\u00e7in g\u00fcvenli<\/li>\n<li>Foto\u011frafa Haz\u0131r \u2013 Evcil hayvan sosyal medyas\u0131 i\u00e7in harika<\/li>\n<\/ul>","protected":false},"excerpt":{"rendered":"<p>Balkabakl\u0131 sevimli kedi pen\u00e7esi tasar\u0131m\u0131. Sindirim deste\u011fi. \u0130nteraktif oyun. Tah\u0131l i\u00e7ermez. Foto\u011frafa haz\u0131r ikramlar.<\/p>","protected":false},"featured_media":31201,"comment_status":"closed","ping_status":"closed","template":"","meta":{"_acf_changed":false},"product_brand":[],"product_cat":[961],"product_tag":[],"class_list":{"0":"post-31228","1":"product","2":"type-product","3":"status-publish","4":"has-post-thumbnail","6":"product_cat-freeze-dried-pet-food","8":"first","9":"instock","10":"shipping-taxable","11":"purchasable","12":"product-type-simple"},"acf":[],"_links":{"self":[{"href":"https:\/\/mantuglobal.com\/tr\/wp-json\/wp\/v2\/product\/31228","targetHints":{"allow":["GET"]}}],"collection":[{"href":"https:\/\/mantuglobal.com\/tr\/wp-json\/wp\/v2\/product"}],"about":[{"href":"https:\/\/mantuglobal.com\/tr\/wp-json\/wp\/v2\/types\/product"}],"replies":[{"embeddable":true,"href":"https:\/\/mantuglobal.com\/tr\/wp-json\/wp\/v2\/comments?post=31228"}],"version-history":[{"count":0,"href":"https:\/\/mantuglobal.com\/tr\/wp-json\/wp\/v2\/product\/31228\/revisions"}],"wp:featuredmedia":[{"embeddable":true,"href":"https:\/\/mantuglobal.com\/tr\/wp-json\/wp\/v2\/media\/31201"}],"wp:attachment":[{"href":"https:\/\/mantuglobal.com\/tr\/wp-json\/wp\/v2\/media?parent=31228"}],"wp:term":[{"taxonomy":"product_brand","embeddable":true,"href":"https:\/\/mantuglobal.com\/tr\/wp-json\/wp\/v2\/product_brand?post=31228"},{"taxonomy":"product_cat","embeddable":true,"href":"https:\/\/mantuglobal.com\/tr\/wp-json\/wp\/v2\/product_cat?post=31228"},{"taxonomy":"product_tag","embeddable":true,"href":"https:\/\/mantuglobal.com\/tr\/wp-json\/wp\/v2\/product_tag?post=31228"}],"curies":[{"name":"wp","href":"https:\/\/api.w.org\/{rel}","templated":true}]}}