{"id":28910,"date":"2026-04-10T07:45:44","date_gmt":"2026-04-10T07:45:44","guid":{"rendered":"https:\/\/mantuglobal.com\/product\/mantu-bulletproof-vest-47-001\/"},"modified":"2026-04-27T13:23:44","modified_gmt":"2026-04-27T05:23:44","slug":"mantu-bulletproof-vest-47-001","status":"publish","type":"product","link":"https:\/\/mantuglobal.com\/sv\/product\/mantu-bulletproof-vest-47-001\/","title":{"rendered":"Mantu skotts\u00e4ker v\u00e4st 47-001"},"content":{"rendered":"<h2>Produkt\u00f6versikt<\/h2>\n<p>H\u00f6gpresterande PE-material, uppfyller GA3-skyddsstandarden, skyddar effektivt mot 51-typ 7,62 mm pistolkulor med st\u00e5lk\u00e4rna som avfyras av typ 79-kulspruta.<\/p>\n<h2>Specifikationer<\/h2>\n<p>Vikt \u22644,5 kg, skyddsomr\u00e5de \u22650,40 m\u00b2<\/p>\n<h2>Ans\u00f6kningar<\/h2>\n<p>Industriell, kommersiell och professionell anv\u00e4ndning.<\/p>\n<h2>Kvalitetss\u00e4kring<\/h2>\n<p>Mantu-m\u00e4rkt produkt fr\u00e5n Hangzhou Guipin Tiancheng. Premiumkvalitet med konkurrenskraftiga priser.<\/p>","protected":false},"excerpt":{"rendered":"<p>Mantu m\u00e4rke Bulletproof V\u00e4st 47-001<\/p>","protected":false},"featured_media":28898,"comment_status":"open","ping_status":"closed","template":"","meta":{"_acf_changed":false},"product_brand":[],"product_cat":[697,695,696],"product_tag":[700,701],"class_list":{"0":"post-28910","1":"product","2":"type-product","3":"status-publish","4":"has-post-thumbnail","6":"product_cat-ballistic-protection","7":"product_cat-security-protection","8":"product_cat-tactical-gear","9":"product_tag-mantu","10":"product_tag-vest-47-001","12":"first","13":"instock","14":"shipping-taxable","15":"purchasable","16":"product-type-simple"},"acf":[],"_links":{"self":[{"href":"https:\/\/mantuglobal.com\/sv\/wp-json\/wp\/v2\/product\/28910","targetHints":{"allow":["GET"]}}],"collection":[{"href":"https:\/\/mantuglobal.com\/sv\/wp-json\/wp\/v2\/product"}],"about":[{"href":"https:\/\/mantuglobal.com\/sv\/wp-json\/wp\/v2\/types\/product"}],"replies":[{"embeddable":true,"href":"https:\/\/mantuglobal.com\/sv\/wp-json\/wp\/v2\/comments?post=28910"}],"version-history":[{"count":1,"href":"https:\/\/mantuglobal.com\/sv\/wp-json\/wp\/v2\/product\/28910\/revisions"}],"predecessor-version":[{"id":30081,"href":"https:\/\/mantuglobal.com\/sv\/wp-json\/wp\/v2\/product\/28910\/revisions\/30081"}],"wp:featuredmedia":[{"embeddable":true,"href":"https:\/\/mantuglobal.com\/sv\/wp-json\/wp\/v2\/media\/28898"}],"wp:attachment":[{"href":"https:\/\/mantuglobal.com\/sv\/wp-json\/wp\/v2\/media?parent=28910"}],"wp:term":[{"taxonomy":"product_brand","embeddable":true,"href":"https:\/\/mantuglobal.com\/sv\/wp-json\/wp\/v2\/product_brand?post=28910"},{"taxonomy":"product_cat","embeddable":true,"href":"https:\/\/mantuglobal.com\/sv\/wp-json\/wp\/v2\/product_cat?post=28910"},{"taxonomy":"product_tag","embeddable":true,"href":"https:\/\/mantuglobal.com\/sv\/wp-json\/wp\/v2\/product_tag?post=28910"}],"curies":[{"name":"wp","href":"https:\/\/api.w.org\/{rel}","templated":true}]}}