{"id":28916,"date":"2026-04-10T07:45:44","date_gmt":"2026-04-10T07:45:44","guid":{"rendered":"https:\/\/mantuglobal.com\/product\/mantu-bulletproof-helmet-47-103\/"},"modified":"2026-04-27T13:23:51","modified_gmt":"2026-04-27T05:23:51","slug":"mantu-bulletproof-helmet-47-103","status":"publish","type":"product","link":"https:\/\/mantuglobal.com\/sq\/product\/mantu-bulletproof-helmet-47-103\/","title":{"rendered":"Helmeta mantu antiplumb 47-103"},"content":{"rendered":"<h2>P\u00ebrmbledhje e produktit<\/h2>\n<p>Materiali PE me performanc\u00eb t\u00eb lart\u00eb, plot\u00ebson standardin e nivelit IIIA t\u00eb SHBA NIJ0101.06, dizajn i leht\u00eb me nj\u00eb madh\u00ebsi t\u00eb vetme p\u00ebr p\u00ebrdorim t\u00eb gjithansh\u00ebm.<\/p>\n<h2>Specifikimet<\/h2>\n<p>Pesha \u22641,5 kg, sip\u00ebrfaqja \u22651250cm\u00b2<\/p>\n<h2>Aplikacionet<\/h2>\n<p>P\u00ebrdorim industrial, tregtar dhe profesional.<\/p>\n<h2>Sigurimi i cil\u00ebsis\u00eb<\/h2>\n<p>Produkt i mark\u00ebs Mantu nga Hangzhou Guipin Tiancheng. Cil\u00ebsi premium me \u00e7mime konkurruese.<\/p>","protected":false},"excerpt":{"rendered":"<p>Helmet antiplumb i mark\u00ebs Mantu 47-103<\/p>","protected":false},"featured_media":28897,"comment_status":"open","ping_status":"closed","template":"","meta":{"_acf_changed":false},"product_brand":[],"product_cat":[697,695,696],"product_tag":[707,700],"class_list":{"0":"post-28916","1":"product","2":"type-product","3":"status-publish","4":"has-post-thumbnail","6":"product_cat-ballistic-protection","7":"product_cat-security-protection","8":"product_cat-tactical-gear","9":"product_tag-helmet-47-103","10":"product_tag-mantu","12":"first","13":"instock","14":"shipping-taxable","15":"purchasable","16":"product-type-simple"},"acf":[],"_links":{"self":[{"href":"https:\/\/mantuglobal.com\/sq\/wp-json\/wp\/v2\/product\/28916","targetHints":{"allow":["GET"]}}],"collection":[{"href":"https:\/\/mantuglobal.com\/sq\/wp-json\/wp\/v2\/product"}],"about":[{"href":"https:\/\/mantuglobal.com\/sq\/wp-json\/wp\/v2\/types\/product"}],"replies":[{"embeddable":true,"href":"https:\/\/mantuglobal.com\/sq\/wp-json\/wp\/v2\/comments?post=28916"}],"version-history":[{"count":1,"href":"https:\/\/mantuglobal.com\/sq\/wp-json\/wp\/v2\/product\/28916\/revisions"}],"predecessor-version":[{"id":30087,"href":"https:\/\/mantuglobal.com\/sq\/wp-json\/wp\/v2\/product\/28916\/revisions\/30087"}],"wp:featuredmedia":[{"embeddable":true,"href":"https:\/\/mantuglobal.com\/sq\/wp-json\/wp\/v2\/media\/28897"}],"wp:attachment":[{"href":"https:\/\/mantuglobal.com\/sq\/wp-json\/wp\/v2\/media?parent=28916"}],"wp:term":[{"taxonomy":"product_brand","embeddable":true,"href":"https:\/\/mantuglobal.com\/sq\/wp-json\/wp\/v2\/product_brand?post=28916"},{"taxonomy":"product_cat","embeddable":true,"href":"https:\/\/mantuglobal.com\/sq\/wp-json\/wp\/v2\/product_cat?post=28916"},{"taxonomy":"product_tag","embeddable":true,"href":"https:\/\/mantuglobal.com\/sq\/wp-json\/wp\/v2\/product_tag?post=28916"}],"curies":[{"name":"wp","href":"https:\/\/api.w.org\/{rel}","templated":true}]}}