{"id":28911,"date":"2026-04-10T07:45:44","date_gmt":"2026-04-10T07:45:44","guid":{"rendered":"https:\/\/mantuglobal.com\/product\/mantu-bulletproof-vest-47-002\/"},"modified":"2026-04-27T13:23:45","modified_gmt":"2026-04-27T05:23:45","slug":"mantu-bulletproof-vest-47-002","status":"publish","type":"product","link":"https:\/\/mantuglobal.com\/sq\/product\/mantu-bulletproof-vest-47-002\/","title":{"rendered":"Jelek antiplumb Mantu 47-002"},"content":{"rendered":"<h2>P\u00ebrmbledhje e produktit<\/h2>\n<p>Materiali PE i leht\u00eb me performanc\u00eb t\u00eb lart\u00eb, plot\u00ebson standardin e mbrojtjes GA3, dizajn kompakt me sip\u00ebrfaqe mbrojt\u00ebse \u22650,25 m\u00b2.<\/p>\n<h2>Specifikimet<\/h2>\n<p>Pesha \u22642,8 kg, Zona Mbrojt\u00ebse \u22650,25m\u00b2<\/p>\n<h2>Aplikacionet<\/h2>\n<p>P\u00ebrdorim industrial, tregtar dhe profesional.<\/p>\n<h2>Sigurimi i cil\u00ebsis\u00eb<\/h2>\n<p>Produkt i mark\u00ebs Mantu nga Hangzhou Guipin Tiancheng. Cil\u00ebsi premium me \u00e7mime konkurruese.<\/p>","protected":false},"excerpt":{"rendered":"<p>Jelek antiplumb i mark\u00ebs Mantu 47-002<\/p>","protected":false},"featured_media":28899,"comment_status":"open","ping_status":"closed","template":"","meta":{"_acf_changed":false},"product_brand":[],"product_cat":[697,695,696],"product_tag":[700,702],"class_list":{"0":"post-28911","1":"product","2":"type-product","3":"status-publish","4":"has-post-thumbnail","6":"product_cat-ballistic-protection","7":"product_cat-security-protection","8":"product_cat-tactical-gear","9":"product_tag-mantu","10":"product_tag-vest-47-002","12":"first","13":"instock","14":"shipping-taxable","15":"purchasable","16":"product-type-simple"},"acf":[],"_links":{"self":[{"href":"https:\/\/mantuglobal.com\/sq\/wp-json\/wp\/v2\/product\/28911","targetHints":{"allow":["GET"]}}],"collection":[{"href":"https:\/\/mantuglobal.com\/sq\/wp-json\/wp\/v2\/product"}],"about":[{"href":"https:\/\/mantuglobal.com\/sq\/wp-json\/wp\/v2\/types\/product"}],"replies":[{"embeddable":true,"href":"https:\/\/mantuglobal.com\/sq\/wp-json\/wp\/v2\/comments?post=28911"}],"version-history":[{"count":1,"href":"https:\/\/mantuglobal.com\/sq\/wp-json\/wp\/v2\/product\/28911\/revisions"}],"predecessor-version":[{"id":30082,"href":"https:\/\/mantuglobal.com\/sq\/wp-json\/wp\/v2\/product\/28911\/revisions\/30082"}],"wp:featuredmedia":[{"embeddable":true,"href":"https:\/\/mantuglobal.com\/sq\/wp-json\/wp\/v2\/media\/28899"}],"wp:attachment":[{"href":"https:\/\/mantuglobal.com\/sq\/wp-json\/wp\/v2\/media?parent=28911"}],"wp:term":[{"taxonomy":"product_brand","embeddable":true,"href":"https:\/\/mantuglobal.com\/sq\/wp-json\/wp\/v2\/product_brand?post=28911"},{"taxonomy":"product_cat","embeddable":true,"href":"https:\/\/mantuglobal.com\/sq\/wp-json\/wp\/v2\/product_cat?post=28911"},{"taxonomy":"product_tag","embeddable":true,"href":"https:\/\/mantuglobal.com\/sq\/wp-json\/wp\/v2\/product_tag?post=28911"}],"curies":[{"name":"wp","href":"https:\/\/api.w.org\/{rel}","templated":true}]}}