{"id":28910,"date":"2026-04-10T07:45:44","date_gmt":"2026-04-10T07:45:44","guid":{"rendered":"https:\/\/mantuglobal.com\/product\/mantu-bulletproof-vest-47-001\/"},"modified":"2026-04-27T13:23:44","modified_gmt":"2026-04-27T05:23:44","slug":"mantu-bulletproof-vest-47-001","status":"publish","type":"product","link":"https:\/\/mantuglobal.com\/sq\/product\/mantu-bulletproof-vest-47-001\/","title":{"rendered":"Jelek antiplumb Mantu 47-001"},"content":{"rendered":"<h2>P\u00ebrmbledhje e produktit<\/h2>\n<p>Materiali PE me performanc\u00eb t\u00eb lart\u00eb, plot\u00ebson standardin e mbrojtjes GA3, mbron n\u00eb m\u00ebnyr\u00eb efektive kund\u00ebr plumbave t\u00eb tipit 51 t\u00eb pistolet\u00ebs me b\u00ebrtham\u00eb \u00e7eliku 7,62 mm t\u00eb shkrepur nga automatiku i tipit 79.<\/p>\n<h2>Specifikimet<\/h2>\n<p>Pesha \u22644,5 kg, Zona Mbrojt\u00ebse \u22650,40m\u00b2<\/p>\n<h2>Aplikacionet<\/h2>\n<p>P\u00ebrdorim industrial, tregtar dhe profesional.<\/p>\n<h2>Sigurimi i cil\u00ebsis\u00eb<\/h2>\n<p>Produkt i mark\u00ebs Mantu nga Hangzhou Guipin Tiancheng. Cil\u00ebsi premium me \u00e7mime konkurruese.<\/p>","protected":false},"excerpt":{"rendered":"<p>Jelek antiplumb i mark\u00ebs Mantu 47-001<\/p>","protected":false},"featured_media":28898,"comment_status":"open","ping_status":"closed","template":"","meta":{"_acf_changed":false},"product_brand":[],"product_cat":[697,695,696],"product_tag":[700,701],"class_list":{"0":"post-28910","1":"product","2":"type-product","3":"status-publish","4":"has-post-thumbnail","6":"product_cat-ballistic-protection","7":"product_cat-security-protection","8":"product_cat-tactical-gear","9":"product_tag-mantu","10":"product_tag-vest-47-001","12":"first","13":"instock","14":"shipping-taxable","15":"purchasable","16":"product-type-simple"},"acf":[],"_links":{"self":[{"href":"https:\/\/mantuglobal.com\/sq\/wp-json\/wp\/v2\/product\/28910","targetHints":{"allow":["GET"]}}],"collection":[{"href":"https:\/\/mantuglobal.com\/sq\/wp-json\/wp\/v2\/product"}],"about":[{"href":"https:\/\/mantuglobal.com\/sq\/wp-json\/wp\/v2\/types\/product"}],"replies":[{"embeddable":true,"href":"https:\/\/mantuglobal.com\/sq\/wp-json\/wp\/v2\/comments?post=28910"}],"version-history":[{"count":1,"href":"https:\/\/mantuglobal.com\/sq\/wp-json\/wp\/v2\/product\/28910\/revisions"}],"predecessor-version":[{"id":30081,"href":"https:\/\/mantuglobal.com\/sq\/wp-json\/wp\/v2\/product\/28910\/revisions\/30081"}],"wp:featuredmedia":[{"embeddable":true,"href":"https:\/\/mantuglobal.com\/sq\/wp-json\/wp\/v2\/media\/28898"}],"wp:attachment":[{"href":"https:\/\/mantuglobal.com\/sq\/wp-json\/wp\/v2\/media?parent=28910"}],"wp:term":[{"taxonomy":"product_brand","embeddable":true,"href":"https:\/\/mantuglobal.com\/sq\/wp-json\/wp\/v2\/product_brand?post=28910"},{"taxonomy":"product_cat","embeddable":true,"href":"https:\/\/mantuglobal.com\/sq\/wp-json\/wp\/v2\/product_cat?post=28910"},{"taxonomy":"product_tag","embeddable":true,"href":"https:\/\/mantuglobal.com\/sq\/wp-json\/wp\/v2\/product_tag?post=28910"}],"curies":[{"name":"wp","href":"https:\/\/api.w.org\/{rel}","templated":true}]}}