{"id":30743,"date":"2026-04-28T10:56:17","date_gmt":"2026-04-28T02:56:17","guid":{"rendered":"https:\/\/mantuglobal.com\/product\/superfire-g25-smart-professional-light\/"},"modified":"2026-04-28T11:07:18","modified_gmt":"2026-04-28T03:07:18","slug":"superfire-g25-smart-professional-light","status":"publish","type":"product","link":"https:\/\/mantuglobal.com\/sl\/product\/superfire-g25-smart-professional-light\/","title":{"rendered":"Pametna profesionalna delovna lu\u010d SUPERFIRE G25"},"content":{"rendered":"<h3>Klju\u010dne zna\u010dilnosti<\/h3>\n<ul>\n<li>Pametno zatemnitev<\/li>\n<li>Dolgotrajna vzdr\u017eljivost<\/li>\n<li>Funkcija power bank v sili<\/li>\n<li>Ve\u010d mo\u017enosti umestitve<\/li>\n<li>SUPERFIRE \u2013 profesionalne svetlobne re\u0161itve<br \/>\n2024 Katalog izdelkov<\/li>\n<\/ul>\n<h3>Specifikacije<\/h3>\n<table>\n<tr>\n<th>Specifikacija<\/th>\n<th>Vrednost<\/th>\n<\/tr>\n<tr>\n<td>Mo\u010d<\/td>\n<td>COB{TPCAE_SPLIT_1} + spredaj{TPCAE_SPLIT_2}<\/td>\n<\/tr>\n<tr>\n<td>Baterija<\/td>\n<td>3000mAh polimer Li-ion<\/td>\n<\/tr>\n<tr>\n<td>Dimenzije<\/td>\n<td>D113*\u016062*V25 mm<\/td>\n<\/tr>\n<tr>\n<td>Na\u010dini<\/td>\n<td>COB High-COB Low-Front Light-Rde\u010da stroboskopija spredaj<\/td>\n<\/tr>\n<tr>\n<td>Razdalja \u017earka<\/td>\n<td>COB{TPCAE_SPLIT_1} \/ Stran{TPCAE_SPLIT_2}<\/td>\n<\/tr>\n<tr>\n<td>Runtime<\/td>\n<td>COB{TPCAE_SPLIT_1}.5H \/ Stran{TPCAE_SPLIT_2}<\/td>\n<\/tr>\n<\/table>\n<p>Znamka: <strong>SUPERPO\u017dAR<\/strong> \u2014 Profesionalne svetlobne re\u0161itve<\/p>","protected":false},"excerpt":{"rendered":"<p>Pametno zatemnitev | Dolgotrajna vzdr\u017eljivost | Funkcija Powerbank v sili | Ve\u010d mo\u017enosti umestitve | SUPERFIRE \u2013 profesionalne svetlobne re\u0161itve<br \/>\n2024 Katalog izdelkov<\/p>","protected":false},"featured_media":30377,"comment_status":"open","ping_status":"closed","template":"","meta":{"_acf_changed":false},"product_brand":[],"product_cat":[858],"product_tag":[885,905],"class_list":{"0":"post-30743","1":"product","2":"type-product","3":"status-publish","4":"has-post-thumbnail","6":"product_cat-led-work-lights","7":"product_tag-superfire","8":"product_tag-work-light","10":"first","11":"instock","12":"shipping-taxable","13":"product-type-simple"},"acf":[],"_links":{"self":[{"href":"https:\/\/mantuglobal.com\/sl\/wp-json\/wp\/v2\/product\/30743","targetHints":{"allow":["GET"]}}],"collection":[{"href":"https:\/\/mantuglobal.com\/sl\/wp-json\/wp\/v2\/product"}],"about":[{"href":"https:\/\/mantuglobal.com\/sl\/wp-json\/wp\/v2\/types\/product"}],"replies":[{"embeddable":true,"href":"https:\/\/mantuglobal.com\/sl\/wp-json\/wp\/v2\/comments?post=30743"}],"version-history":[{"count":1,"href":"https:\/\/mantuglobal.com\/sl\/wp-json\/wp\/v2\/product\/30743\/revisions"}],"predecessor-version":[{"id":30869,"href":"https:\/\/mantuglobal.com\/sl\/wp-json\/wp\/v2\/product\/30743\/revisions\/30869"}],"wp:featuredmedia":[{"embeddable":true,"href":"https:\/\/mantuglobal.com\/sl\/wp-json\/wp\/v2\/media\/30377"}],"wp:attachment":[{"href":"https:\/\/mantuglobal.com\/sl\/wp-json\/wp\/v2\/media?parent=30743"}],"wp:term":[{"taxonomy":"product_brand","embeddable":true,"href":"https:\/\/mantuglobal.com\/sl\/wp-json\/wp\/v2\/product_brand?post=30743"},{"taxonomy":"product_cat","embeddable":true,"href":"https:\/\/mantuglobal.com\/sl\/wp-json\/wp\/v2\/product_cat?post=30743"},{"taxonomy":"product_tag","embeddable":true,"href":"https:\/\/mantuglobal.com\/sl\/wp-json\/wp\/v2\/product_tag?post=30743"}],"curies":[{"name":"wp","href":"https:\/\/api.w.org\/{rel}","templated":true}]}}