{"id":29830,"date":"2026-04-24T14:46:58","date_gmt":"2026-04-24T06:46:58","guid":{"rendered":"https:\/\/mantuglobal.com\/product\/taijitang-taijitang-recombinant-collagen-dressing-%e9%87%8d%e7%bb%84%e8%83%b6%e5%8e%9f%e8%9b%8b%e7%99%bd%e6%95%b7%e6%96%99%e7%9b%8a%e7%94%9f%e8%8f%8c%e5%8f%91%e9%85%b5%e5%8f%a3%e6%9c%8d%e6%b6%b2\/"},"modified":"2026-04-27T09:37:12","modified_gmt":"2026-04-27T01:37:12","slug":"taijitang-taijitang-recombinant-collagen-dressing-%e9%87%8d%e7%bb%84%e8%83%b6%e5%8e%9f%e8%9b%8b%e7%99%bd%e6%95%b7%e6%96%99%e7%9b%8a%e7%94%9f%e8%8f%8c%e5%8f%91%e9%85%b5%e5%8f%a3%e6%9c%8d%e6%b6%b2","status":"publish","type":"product","link":"https:\/\/mantuglobal.com\/sk\/product\/taijitang-taijitang-recombinant-collagen-dressing-%e9%87%8d%e7%bb%84%e8%83%b6%e5%8e%9f%e8%9b%8b%e7%99%bd%e6%95%b7%e6%96%99%e7%9b%8a%e7%94%9f%e8%8f%8c%e5%8f%91%e9%85%b5%e5%8f%a3%e6%9c%8d%e6%b6%b2\/","title":{"rendered":"Taijitang Recombinant Collagen Dresing \u2013 profesion\u00e1lna oprava pleti"},"content":{"rendered":"<p><strong>N\u00e1zov produktu:<\/strong> Rekombinantn\u00fd kolag\u00e9nov\u00fd dresing Taijitang<\/p>\n<p><strong>Zna\u010dka:<\/strong> Taijitang (TAIJITANG)<\/p>\n<p><strong>\u0161pecifik\u00e1cia:<\/strong> 30 ml<\/p>\n<p><strong>Umiestnenie:<\/strong> Profesion\u00e1lna oprava pleti<\/p>\n<hr>\n<p><strong>K\u013e\u00fa\u010dov\u00e9 predajn\u00e9 body:<\/strong><\/p>\n<ul>\n<li><strong>Biotechnol\u00f3gia:<\/strong> Vyroben\u00e9 pomocou technol\u00f3gie syntetickej biol\u00f3gie s upraven\u00fdmi bunkami E. coli \/ Pichia pastoris<\/li>\n<li><strong>Oprava pleti:<\/strong> Stimuluje bunkov\u00fa prolifer\u00e1ciu a migr\u00e1ciu, ur\u00fdch\u013euje opravu po\u0161koden\u00e9ho tkaniva<\/li>\n<li><strong>Vylep\u0161enie bari\u00e9ry:<\/strong> Vyp\u013a\u0148a medzibunkov\u00e9 priestory v stratum corneum, posil\u0148uje ko\u017en\u00fa bari\u00e9rov\u00fa funkciu<\/li>\n<li><strong>Proti starnutiu a bielenie:<\/strong> Antioxida\u010dn\u00e9 vlastnosti redukuj\u00fa jemn\u00e9 linky a vr\u00e1sky, rozjas\u0148uj\u00fa t\u00f3n pleti<\/li>\n<\/ul>\n<hr>\n<p><strong>Cie\u013eov\u00e9 publikum:<\/strong> Tie, ktor\u00e9 potrebuj\u00fa opravu po laserovom o\u0161etren\u00ed; jedinci s po\u0161kodenou ko\u017enou bari\u00e9rou; t\u00ed, ktor\u00ed h\u013eadaj\u00fa starostlivos\u0165 o ple\u0165 proti starnutiu; starostlivos\u0165 po estetickom z\u00e1kroku.<\/p>\n<hr>\n<p><strong>Popis produktu:<\/strong> Profesion\u00e1lny produkt starostlivosti o ple\u0165 vyu\u017e\u00edvaj\u00faci pokro\u010dil\u00fa technol\u00f3giu syntetickej biol\u00f3gie. Tento rekombinantn\u00fd kolag\u00e9n, produkovan\u00fd pomocou upraven\u00fdch buniek E. coli alebo Pichia pastoris, stimuluje prolifer\u00e1ciu a migr\u00e1ciu ko\u017en\u00fdch buniek, ur\u00fdch\u013euje hojenie r\u00e1n a posil\u0148uje ko\u017en\u00fa bari\u00e9ru vyplnen\u00edm medzibunkov\u00fdch priestorov. V\u010faka zv\u00fd\u0161en\u00fdm antioxida\u010dn\u00fdm vlastnostiam pre rozjasnenie poko\u017eky a vynikaj\u00facim hemostatick\u00fdm schopnostiam je tento obv\u00e4z ide\u00e1lny pre starostlivos\u0165 po laserovom o\u0161etren\u00ed, obnovu bari\u00e9ry a re\u017eimy starostlivosti o ple\u0165 proti starnutiu.<\/p>\n<p><strong>Ingrediencie:<\/strong> Rekombinantn\u00fd kolag\u00e9n, chlorid sodn\u00fd, dihydrogenfosfore\u010dnan sodn\u00fd, glycer\u00edn, \u010disten\u00e1 voda, fenoxyetanol<\/p>\n<p><em>R&amp;D: Shandong Academy of Life Sciences<\/em><\/p>","protected":false},"excerpt":{"rendered":"<p>Technol\u00f3gia syntetickej biol\u00f3gie | Prolifer\u00e1cia buniek a oprava ko\u017enej bari\u00e9ry | Anti-Aging &amp; Whitening | 30 ml<\/p>","protected":false},"featured_media":29818,"comment_status":"open","ping_status":"closed","template":"","meta":{"_acf_changed":false},"product_brand":[],"product_cat":[839],"product_tag":[851],"class_list":{"0":"post-29830","1":"product","2":"type-product","3":"status-publish","4":"has-post-thumbnail","6":"product_cat-functional-food-food-beverages","7":"product_tag-collagenskin-repairanti-agingbiotechnologyskincarewound-healingbarrier-repair","9":"first","10":"instock","11":"shipping-taxable","12":"purchasable","13":"product-type-simple"},"acf":[],"_links":{"self":[{"href":"https:\/\/mantuglobal.com\/sk\/wp-json\/wp\/v2\/product\/29830","targetHints":{"allow":["GET"]}}],"collection":[{"href":"https:\/\/mantuglobal.com\/sk\/wp-json\/wp\/v2\/product"}],"about":[{"href":"https:\/\/mantuglobal.com\/sk\/wp-json\/wp\/v2\/types\/product"}],"replies":[{"embeddable":true,"href":"https:\/\/mantuglobal.com\/sk\/wp-json\/wp\/v2\/comments?post=29830"}],"version-history":[{"count":2,"href":"https:\/\/mantuglobal.com\/sk\/wp-json\/wp\/v2\/product\/29830\/revisions"}],"predecessor-version":[{"id":29855,"href":"https:\/\/mantuglobal.com\/sk\/wp-json\/wp\/v2\/product\/29830\/revisions\/29855"}],"wp:featuredmedia":[{"embeddable":true,"href":"https:\/\/mantuglobal.com\/sk\/wp-json\/wp\/v2\/media\/29818"}],"wp:attachment":[{"href":"https:\/\/mantuglobal.com\/sk\/wp-json\/wp\/v2\/media?parent=29830"}],"wp:term":[{"taxonomy":"product_brand","embeddable":true,"href":"https:\/\/mantuglobal.com\/sk\/wp-json\/wp\/v2\/product_brand?post=29830"},{"taxonomy":"product_cat","embeddable":true,"href":"https:\/\/mantuglobal.com\/sk\/wp-json\/wp\/v2\/product_cat?post=29830"},{"taxonomy":"product_tag","embeddable":true,"href":"https:\/\/mantuglobal.com\/sk\/wp-json\/wp\/v2\/product_tag?post=29830"}],"curies":[{"name":"wp","href":"https:\/\/api.w.org\/{rel}","templated":true}]}}