{"id":29763,"date":"2026-04-24T10:54:01","date_gmt":"2026-04-24T02:54:01","guid":{"rendered":"https:\/\/mantuglobal.com\/product\/chierda-cd-108-10w-walkie-talkie\/"},"modified":"2026-04-24T10:54:01","modified_gmt":"2026-04-24T02:54:01","slug":"chierda-cd-108-10w-walkie-talkie","status":"publish","type":"product","link":"https:\/\/mantuglobal.com\/sk\/product\/chierda-cd-108-10w-walkie-talkie\/","title":{"rendered":"CHIERDA CD-108 10W vysiela\u010dka"},"content":{"rendered":"<h2>Anal\u00f3gov\u00e1 vysiela\u010dka Chierda CD-108<\/h2>\n<ul>\n<li>Skenovanie kan\u00e1lov \u2014 automatick\u00e9 vyh\u013eadanie akt\u00edvnych frekvenci\u00ed<\/li>\n<li>Frequency Hopping \u2014 proti ru\u0161eniu, bezpe\u010dn\u00e1 komunik\u00e1cia<\/li>\n<li>Universal Frequency Hopping \u2014 funguje vo viacer\u00fdch p\u00e1smach<\/li>\n<li>Vstavan\u00e1 LED baterka \u2014 jasn\u00e1, v\u017edy pripraven\u00e1<\/li>\n<li>Ultra-dlh\u00fd pohotovostn\u00fd re\u017eim \u2013 nieko\u013eko dn\u00ed na jedno nabitie<\/li>\n<li>Univerz\u00e1lny dekod\u00e9r \u2014 l\u00e1me k\u00f3dy v\u00e4\u010d\u0161iny zna\u010diek<\/li>\n<\/ul>\n<h2>Technick\u00e9 \u0161pecifik\u00e1cie<\/h2>\n<table>\n<tr>\n<td><strong>V\u00fdstupn\u00fd v\u00fdkon<\/strong><\/td>\n<td>10W<\/td>\n<\/tr>\n<tr>\n<td><strong>Frekven\u010dn\u00fd rozsah<\/strong><\/td>\n<td>VHF{TPCAE_SPLIT_1}\/UHF{TPCAE_SPLIT_2}<\/td>\n<\/tr>\n<tr>\n<td><strong>Komunika\u010dn\u00fd rozsah<\/strong><\/td>\n<td>1-10\u516c\u91cc<\/td>\n<\/tr>\n<tr>\n<td><strong>Kan\u00e1ly<\/strong><\/td>\n<td>16<\/td>\n<\/tr>\n<tr>\n<td><strong>Kapacita bat\u00e9rie<\/strong><\/td>\n<td>2500 mAh<\/td>\n<\/tr>\n<tr>\n<td><strong>Rozmery<\/strong><\/td>\n<td>119\u00d754\u00d737 mm<\/td>\n<\/tr>\n<tr>\n<td><strong>Pracovn\u00e9 nap\u00e4tie<\/strong><\/td>\n<td>7,4 V DC<\/td>\n<\/tr>\n<\/table>","protected":false},"excerpt":{"rendered":"<p>Chierda CD-108 \u2013 Anal\u00f3gov\u00e1 vysiela\u010dka. Skenovanie kan\u00e1lov \u2014 automatick\u00e9 vyh\u013eadanie akt\u00edvnych frekvenci\u00ed. Frequency Hopping \u2014 proti ru\u0161eniu, bezpe\u010dn\u00e1 komunik\u00e1cia. Universal Frequency Hopping \u2014 funguje vo viacer\u00fdch p\u00e1smach<\/p>","protected":false},"featured_media":29712,"comment_status":"open","ping_status":"closed","template":"","meta":{"_acf_changed":false},"product_brand":[],"product_cat":[637],"product_tag":[],"class_list":{"0":"post-29763","1":"product","2":"type-product","3":"status-publish","4":"has-post-thumbnail","6":"product_cat-walkie-talkie-two-way-radio","8":"first","9":"instock","10":"shipping-taxable","11":"purchasable","12":"product-type-simple"},"acf":[],"_links":{"self":[{"href":"https:\/\/mantuglobal.com\/sk\/wp-json\/wp\/v2\/product\/29763","targetHints":{"allow":["GET"]}}],"collection":[{"href":"https:\/\/mantuglobal.com\/sk\/wp-json\/wp\/v2\/product"}],"about":[{"href":"https:\/\/mantuglobal.com\/sk\/wp-json\/wp\/v2\/types\/product"}],"replies":[{"embeddable":true,"href":"https:\/\/mantuglobal.com\/sk\/wp-json\/wp\/v2\/comments?post=29763"}],"version-history":[{"count":0,"href":"https:\/\/mantuglobal.com\/sk\/wp-json\/wp\/v2\/product\/29763\/revisions"}],"wp:featuredmedia":[{"embeddable":true,"href":"https:\/\/mantuglobal.com\/sk\/wp-json\/wp\/v2\/media\/29712"}],"wp:attachment":[{"href":"https:\/\/mantuglobal.com\/sk\/wp-json\/wp\/v2\/media?parent=29763"}],"wp:term":[{"taxonomy":"product_brand","embeddable":true,"href":"https:\/\/mantuglobal.com\/sk\/wp-json\/wp\/v2\/product_brand?post=29763"},{"taxonomy":"product_cat","embeddable":true,"href":"https:\/\/mantuglobal.com\/sk\/wp-json\/wp\/v2\/product_cat?post=29763"},{"taxonomy":"product_tag","embeddable":true,"href":"https:\/\/mantuglobal.com\/sk\/wp-json\/wp\/v2\/product_tag?post=29763"}],"curies":[{"name":"wp","href":"https:\/\/api.w.org\/{rel}","templated":true}]}}