{"id":30720,"date":"2026-04-28T10:56:15","date_gmt":"2026-04-28T02:56:15","guid":{"rendered":"https:\/\/mantuglobal.com\/product\/superfire-ep01-professional-light\/"},"modified":"2026-04-28T11:07:16","modified_gmt":"2026-04-28T03:07:16","slug":"superfire-ep01-professional-light","status":"publish","type":"product","link":"https:\/\/mantuglobal.com\/pt\/product\/superfire-ep01-professional-light\/","title":{"rendered":"Luz profissional \u00e0 prova de explos\u00e3o SUPERFIRE EP01"},"content":{"rendered":"<h3>Principais recursos<\/h3>\n<ul>\n<li>Certifica\u00e7\u00e3o Ex ib IIC T4 Gb<\/li>\n<li>Certificado \u00e0 prova de explos\u00e3o: CLEx23.0741<\/li>\n<li>Escurecimento multimodo<\/li>\n<li>IP68 \u00e0 prova d'\u00e1gua<\/li>\n<li>SUPERFIRE \u2013 Solu\u00e7\u00f5es de Ilumina\u00e7\u00e3o Profissional<br \/>\nCat\u00e1logo de Produtos 2024<\/li>\n<\/ul>\n<h3>Especifica\u00e7\u00f5es<\/h3>\n<table>\n<tr>\n<th>Especifica\u00e7\u00e3o<\/th>\n<th>Valor<\/th>\n<\/tr>\n<tr>\n<td>Poder<\/td>\n<td>3W<\/td>\n<\/tr>\n<tr>\n<td>Bateria<\/td>\n<td>1900mAh<\/td>\n<\/tr>\n<tr>\n<td>Dimens\u00f5es<\/td>\n<td>120*24*24mm<\/td>\n<\/tr>\n<tr>\n<td>Modos<\/td>\n<td>Alto-baixo-estrobosc\u00f3pio<\/td>\n<\/tr>\n<tr>\n<td>Dist\u00e2ncia do feixe<\/td>\n<td>Alto{TPCAE_SPLIT_1} \/ Baixo{TPCAE_SPLIT_2}<\/td>\n<\/tr>\n<tr>\n<td>Tempo de execu\u00e7\u00e3o<\/td>\n<td>~4H<\/td>\n<\/tr>\n<\/table>\n<p>Marca: <strong>SUPERFOGO<\/strong> \u2014 Solu\u00e7\u00f5es de ilumina\u00e7\u00e3o profissional<\/p>","protected":false},"excerpt":{"rendered":"<p>Certifica\u00e7\u00e3o Ex ib IIC T4 Gb | Certificado \u00e0 prova de explos\u00e3o: CLEx23.0741 | Escurecimento multimodo | IP68 \u00e0 prova d'\u00e1gua | SUPERFIRE \u2013 Solu\u00e7\u00f5es de Ilumina\u00e7\u00e3o Profissional<br \/>\nCat\u00e1logo de Produtos 2024<\/p>","protected":false},"featured_media":30351,"comment_status":"open","ping_status":"closed","template":"","meta":{"_acf_changed":false},"product_brand":[],"product_cat":[896],"product_tag":[902,885],"class_list":{"0":"post-30720","1":"product","2":"type-product","3":"status-publish","4":"has-post-thumbnail","6":"product_cat-explosion-proof-lamps","7":"product_tag-explosion-proof-2","8":"product_tag-superfire","10":"first","11":"instock","12":"shipping-taxable","13":"product-type-simple"},"acf":[],"_links":{"self":[{"href":"https:\/\/mantuglobal.com\/pt\/wp-json\/wp\/v2\/product\/30720","targetHints":{"allow":["GET"]}}],"collection":[{"href":"https:\/\/mantuglobal.com\/pt\/wp-json\/wp\/v2\/product"}],"about":[{"href":"https:\/\/mantuglobal.com\/pt\/wp-json\/wp\/v2\/types\/product"}],"replies":[{"embeddable":true,"href":"https:\/\/mantuglobal.com\/pt\/wp-json\/wp\/v2\/comments?post=30720"}],"version-history":[{"count":1,"href":"https:\/\/mantuglobal.com\/pt\/wp-json\/wp\/v2\/product\/30720\/revisions"}],"predecessor-version":[{"id":30846,"href":"https:\/\/mantuglobal.com\/pt\/wp-json\/wp\/v2\/product\/30720\/revisions\/30846"}],"wp:featuredmedia":[{"embeddable":true,"href":"https:\/\/mantuglobal.com\/pt\/wp-json\/wp\/v2\/media\/30351"}],"wp:attachment":[{"href":"https:\/\/mantuglobal.com\/pt\/wp-json\/wp\/v2\/media?parent=30720"}],"wp:term":[{"taxonomy":"product_brand","embeddable":true,"href":"https:\/\/mantuglobal.com\/pt\/wp-json\/wp\/v2\/product_brand?post=30720"},{"taxonomy":"product_cat","embeddable":true,"href":"https:\/\/mantuglobal.com\/pt\/wp-json\/wp\/v2\/product_cat?post=30720"},{"taxonomy":"product_tag","embeddable":true,"href":"https:\/\/mantuglobal.com\/pt\/wp-json\/wp\/v2\/product_tag?post=30720"}],"curies":[{"name":"wp","href":"https:\/\/api.w.org\/{rel}","templated":true}]}}