{"id":30709,"date":"2026-04-28T10:56:09","date_gmt":"2026-04-28T02:56:09","guid":{"rendered":"https:\/\/mantuglobal.com\/product\/superfire-d12-professional-light\/"},"modified":"2026-04-28T11:06:44","modified_gmt":"2026-04-28T03:06:44","slug":"superfire-d12-professional-light","status":"publish","type":"product","link":"https:\/\/mantuglobal.com\/pt\/product\/superfire-d12-professional-light\/","title":{"rendered":"Luz profissional \u00e0 prova de explos\u00e3o SUPERFIRE D12"},"content":{"rendered":"<h3>Principais recursos<\/h3>\n<ul>\n<li>Certifica\u00e7\u00e3o Ex db ia IIC T6 Gb<\/li>\n<li>Certificado: CLEx22.5787<\/li>\n<li>Temperatura de cor ajust\u00e1vel<\/li>\n<li>Base magn\u00e9tica<\/li>\n<li>SUPERFIRE \u2013 Solu\u00e7\u00f5es de Ilumina\u00e7\u00e3o Profissional<br \/>\nCat\u00e1logo de Produtos 2024<\/li>\n<\/ul>\n<h3>Especifica\u00e7\u00f5es<\/h3>\n<table>\n<tr>\n<th>Especifica\u00e7\u00e3o<\/th>\n<th>Valor<\/th>\n<\/tr>\n<tr>\n<td>Poder<\/td>\n<td>Principal{TPCAE_SPLIT_1} + Lado{TPCAE_SPLIT_2}<\/td>\n<\/tr>\n<tr>\n<td>Bateria<\/td>\n<td>6\u00d718650\/2,5Ah<\/td>\n<\/tr>\n<tr>\n<td>Dimens\u00f5es<\/td>\n<td>Di\u00e2metro73x183mm<\/td>\n<\/tr>\n<tr>\n<td>Peso<\/td>\n<td>1300g<\/td>\n<\/tr>\n<tr>\n<td>Modos<\/td>\n<td>Multimodo com comuta\u00e7\u00e3o de temperatura de cor<\/td>\n<\/tr>\n<tr>\n<td>Tempo de execu\u00e7\u00e3o<\/td>\n<td>~4-16H<\/td>\n<\/tr>\n<\/table>\n<p>Marca: <strong>SUPERFOGO<\/strong> \u2014 Solu\u00e7\u00f5es de ilumina\u00e7\u00e3o profissional<\/p>","protected":false},"excerpt":{"rendered":"<p>Certifica\u00e7\u00e3o Ex db ia IIC T6 Gb | Certificado: CLEx22.5787 | Temperatura de cor ajust\u00e1vel | Base magn\u00e9tica | SUPERFIRE \u2013 Solu\u00e7\u00f5es de Ilumina\u00e7\u00e3o Profissional<br \/>\nCat\u00e1logo de Produtos 2024<\/p>","protected":false},"featured_media":30344,"comment_status":"open","ping_status":"closed","template":"","meta":{"_acf_changed":false},"product_brand":[],"product_cat":[896],"product_tag":[902,885],"class_list":{"0":"post-30709","1":"product","2":"type-product","3":"status-publish","4":"has-post-thumbnail","6":"product_cat-explosion-proof-lamps","7":"product_tag-explosion-proof-2","8":"product_tag-superfire","10":"first","11":"instock","12":"shipping-taxable","13":"product-type-simple"},"acf":[],"_links":{"self":[{"href":"https:\/\/mantuglobal.com\/pt\/wp-json\/wp\/v2\/product\/30709","targetHints":{"allow":["GET"]}}],"collection":[{"href":"https:\/\/mantuglobal.com\/pt\/wp-json\/wp\/v2\/product"}],"about":[{"href":"https:\/\/mantuglobal.com\/pt\/wp-json\/wp\/v2\/types\/product"}],"replies":[{"embeddable":true,"href":"https:\/\/mantuglobal.com\/pt\/wp-json\/wp\/v2\/comments?post=30709"}],"version-history":[{"count":1,"href":"https:\/\/mantuglobal.com\/pt\/wp-json\/wp\/v2\/product\/30709\/revisions"}],"predecessor-version":[{"id":30835,"href":"https:\/\/mantuglobal.com\/pt\/wp-json\/wp\/v2\/product\/30709\/revisions\/30835"}],"wp:featuredmedia":[{"embeddable":true,"href":"https:\/\/mantuglobal.com\/pt\/wp-json\/wp\/v2\/media\/30344"}],"wp:attachment":[{"href":"https:\/\/mantuglobal.com\/pt\/wp-json\/wp\/v2\/media?parent=30709"}],"wp:term":[{"taxonomy":"product_brand","embeddable":true,"href":"https:\/\/mantuglobal.com\/pt\/wp-json\/wp\/v2\/product_brand?post=30709"},{"taxonomy":"product_cat","embeddable":true,"href":"https:\/\/mantuglobal.com\/pt\/wp-json\/wp\/v2\/product_cat?post=30709"},{"taxonomy":"product_tag","embeddable":true,"href":"https:\/\/mantuglobal.com\/pt\/wp-json\/wp\/v2\/product_tag?post=30709"}],"curies":[{"name":"wp","href":"https:\/\/api.w.org\/{rel}","templated":true}]}}