{"id":30708,"date":"2026-04-28T10:56:08","date_gmt":"2026-04-28T02:56:08","guid":{"rendered":"https:\/\/mantuglobal.com\/product\/superfire-d11-professional-light\/"},"modified":"2026-04-28T11:06:44","modified_gmt":"2026-04-28T03:06:44","slug":"superfire-d11-professional-light","status":"publish","type":"product","link":"https:\/\/mantuglobal.com\/pt\/product\/superfire-d11-professional-light\/","title":{"rendered":"Luz profissional \u00e0 prova de explos\u00e3o SUPERFIRE D11"},"content":{"rendered":"<h3>Principais recursos<\/h3>\n<ul>\n<li>Certificado: CLEx23.7262<\/li>\n<li>Ex db eb ib mb llc certificado T6 Gb<\/li>\n<li>Resist\u00eancia duradoura<\/li>\n<li>Cabe\u00e7a de l\u00e2mpada ajust\u00e1vel<\/li>\n<li>SUPERFIRE \u2013 Solu\u00e7\u00f5es de Ilumina\u00e7\u00e3o Profissional<br \/>\nCat\u00e1logo de Produtos 2024<\/li>\n<\/ul>\n<h3>Especifica\u00e7\u00f5es<\/h3>\n<table>\n<tr>\n<th>Especifica\u00e7\u00e3o<\/th>\n<th>Valor<\/th>\n<\/tr>\n<tr>\n<td>Poder<\/td>\n<td>3*4W<\/td>\n<\/tr>\n<tr>\n<td>Bateria<\/td>\n<td>5Ah<\/td>\n<\/tr>\n<tr>\n<td>Dimens\u00f5es<\/td>\n<td>171x155x210mm<\/td>\n<\/tr>\n<tr>\n<td>Peso<\/td>\n<td>1800g<\/td>\n<\/tr>\n<tr>\n<td>Modos<\/td>\n<td>Aviso de luz alta\/baixa\/amarela<\/td>\n<\/tr>\n<tr>\n<td>Tempo de execu\u00e7\u00e3o<\/td>\n<td>~10-80H<\/td>\n<\/tr>\n<\/table>\n<p>Marca: <strong>SUPERFOGO<\/strong> \u2014 Solu\u00e7\u00f5es de ilumina\u00e7\u00e3o profissional<\/p>","protected":false},"excerpt":{"rendered":"<p>Certificado: CLEx23.7262 | Ex db eb ib mb llc certificado T6 Gb | Resist\u00eancia duradoura | Cabe\u00e7a de l\u00e2mpada ajust\u00e1vel | SUPERFIRE \u2013 Solu\u00e7\u00f5es de Ilumina\u00e7\u00e3o Profissional<br \/>\nCat\u00e1logo de Produtos 2024<\/p>","protected":false},"featured_media":30343,"comment_status":"open","ping_status":"closed","template":"","meta":{"_acf_changed":false},"product_brand":[],"product_cat":[896],"product_tag":[902,885],"class_list":{"0":"post-30708","1":"product","2":"type-product","3":"status-publish","4":"has-post-thumbnail","6":"product_cat-explosion-proof-lamps","7":"product_tag-explosion-proof-2","8":"product_tag-superfire","10":"first","11":"instock","12":"shipping-taxable","13":"product-type-simple"},"acf":[],"_links":{"self":[{"href":"https:\/\/mantuglobal.com\/pt\/wp-json\/wp\/v2\/product\/30708","targetHints":{"allow":["GET"]}}],"collection":[{"href":"https:\/\/mantuglobal.com\/pt\/wp-json\/wp\/v2\/product"}],"about":[{"href":"https:\/\/mantuglobal.com\/pt\/wp-json\/wp\/v2\/types\/product"}],"replies":[{"embeddable":true,"href":"https:\/\/mantuglobal.com\/pt\/wp-json\/wp\/v2\/comments?post=30708"}],"version-history":[{"count":1,"href":"https:\/\/mantuglobal.com\/pt\/wp-json\/wp\/v2\/product\/30708\/revisions"}],"predecessor-version":[{"id":30834,"href":"https:\/\/mantuglobal.com\/pt\/wp-json\/wp\/v2\/product\/30708\/revisions\/30834"}],"wp:featuredmedia":[{"embeddable":true,"href":"https:\/\/mantuglobal.com\/pt\/wp-json\/wp\/v2\/media\/30343"}],"wp:attachment":[{"href":"https:\/\/mantuglobal.com\/pt\/wp-json\/wp\/v2\/media?parent=30708"}],"wp:term":[{"taxonomy":"product_brand","embeddable":true,"href":"https:\/\/mantuglobal.com\/pt\/wp-json\/wp\/v2\/product_brand?post=30708"},{"taxonomy":"product_cat","embeddable":true,"href":"https:\/\/mantuglobal.com\/pt\/wp-json\/wp\/v2\/product_cat?post=30708"},{"taxonomy":"product_tag","embeddable":true,"href":"https:\/\/mantuglobal.com\/pt\/wp-json\/wp\/v2\/product_tag?post=30708"}],"curies":[{"name":"wp","href":"https:\/\/api.w.org\/{rel}","templated":true}]}}