{"id":30758,"date":"2026-04-28T10:56:23","date_gmt":"2026-04-28T02:56:23","guid":{"rendered":"https:\/\/mantuglobal.com\/product\/superfire-hl25-motion-sensor-smart-light\/"},"modified":"2026-04-28T11:07:49","modified_gmt":"2026-04-28T03:07:49","slug":"superfire-hl25-motion-sensor-smart-light","status":"publish","type":"product","link":"https:\/\/mantuglobal.com\/pl\/product\/superfire-hl25-motion-sensor-smart-light\/","title":{"rendered":"Latarka czo\u0142owa SUPERFIRE HL25 z czujnikiem ruchu i zoomem"},"content":{"rendered":"<h3>Kluczowe funkcje<\/h3>\n<ul>\n<li>Cicha regulacja obrotowa<\/li>\n<li>Odb\u0142y\u015bnik o du\u017cej \u015brednicy<\/li>\n<li>Wysokiej jako\u015bci rdze\u0144 LED<\/li>\n<li>Opcja inteligentnego czujnika<\/li>\n<li>SUPERFIRE \u2013 profesjonalne rozwi\u0105zania o\u015bwietleniowe<br \/>\nKatalog produkt\u00f3w 2024<\/li>\n<\/ul>\n<h3>Dane techniczne<\/h3>\n<table>\n<tr>\n<th>Specyfikacja<\/th>\n<th>Warto\u015b\u0107<\/th>\n<\/tr>\n<tr>\n<td>Moc<\/td>\n<td>7-15 W<\/td>\n<\/tr>\n<tr>\n<td>Bateria<\/td>\n<td>1200-2400 mAh<\/td>\n<\/tr>\n<tr>\n<td>Wymiary<\/td>\n<td>75*45*81mm<\/td>\n<\/tr>\n<tr>\n<td>Tryby<\/td>\n<td>Niski-\u015bredni-wysoki-stroboskop-pomocniczy-g\u0142\u00f3wny + pomocniczy\/czerwony\/czerwony stroboskop<\/td>\n<\/tr>\n<tr>\n<td>Odleg\u0142o\u015b\u0107 wi\u0105zki<\/td>\n<td>210-230m<\/td>\n<\/tr>\n<tr>\n<td>Czas wykonania<\/td>\n<td>~3,5-6,5 godz<\/td>\n<\/tr>\n<\/table>\n<p>Marka: <strong>SUPEROGIE\u0143<\/strong> \u2014 Profesjonalne rozwi\u0105zania o\u015bwietleniowe<\/p>","protected":false},"excerpt":{"rendered":"<p>Cicha regulacja obrotowa | Odb\u0142y\u015bnik o du\u017cej \u015brednicy | Wysokiej jako\u015bci rdze\u0144 LED | Opcja inteligentnego czujnika | SUPERFIRE \u2013 profesjonalne rozwi\u0105zania o\u015bwietleniowe<br \/>\nKatalog produkt\u00f3w 2024<\/p>","protected":false},"featured_media":30392,"comment_status":"open","ping_status":"closed","template":"","meta":{"_acf_changed":false},"product_brand":[],"product_cat":[858],"product_tag":[907,885],"class_list":{"0":"post-30758","1":"product","2":"type-product","3":"status-publish","4":"has-post-thumbnail","6":"product_cat-led-work-lights","7":"product_tag-headlamp","8":"product_tag-superfire","10":"first","11":"instock","12":"shipping-taxable","13":"product-type-simple"},"acf":[],"_links":{"self":[{"href":"https:\/\/mantuglobal.com\/pl\/wp-json\/wp\/v2\/product\/30758","targetHints":{"allow":["GET"]}}],"collection":[{"href":"https:\/\/mantuglobal.com\/pl\/wp-json\/wp\/v2\/product"}],"about":[{"href":"https:\/\/mantuglobal.com\/pl\/wp-json\/wp\/v2\/types\/product"}],"replies":[{"embeddable":true,"href":"https:\/\/mantuglobal.com\/pl\/wp-json\/wp\/v2\/comments?post=30758"}],"version-history":[{"count":1,"href":"https:\/\/mantuglobal.com\/pl\/wp-json\/wp\/v2\/product\/30758\/revisions"}],"predecessor-version":[{"id":30884,"href":"https:\/\/mantuglobal.com\/pl\/wp-json\/wp\/v2\/product\/30758\/revisions\/30884"}],"wp:featuredmedia":[{"embeddable":true,"href":"https:\/\/mantuglobal.com\/pl\/wp-json\/wp\/v2\/media\/30392"}],"wp:attachment":[{"href":"https:\/\/mantuglobal.com\/pl\/wp-json\/wp\/v2\/media?parent=30758"}],"wp:term":[{"taxonomy":"product_brand","embeddable":true,"href":"https:\/\/mantuglobal.com\/pl\/wp-json\/wp\/v2\/product_brand?post=30758"},{"taxonomy":"product_cat","embeddable":true,"href":"https:\/\/mantuglobal.com\/pl\/wp-json\/wp\/v2\/product_cat?post=30758"},{"taxonomy":"product_tag","embeddable":true,"href":"https:\/\/mantuglobal.com\/pl\/wp-json\/wp\/v2\/product_tag?post=30758"}],"curies":[{"name":"wp","href":"https:\/\/api.w.org\/{rel}","templated":true}]}}