{"id":28108,"date":"2026-03-25T01:09:43","date_gmt":"2026-03-25T01:09:43","guid":{"rendered":"https:\/\/mantuglobal.com\/?post_type=product&#038;p=28108"},"modified":"2026-04-27T13:51:37","modified_gmt":"2026-04-27T05:51:37","slug":"fully-automatic-quantitative-packaging-scale","status":"publish","type":"product","link":"https:\/\/mantuglobal.com\/pl\/product\/fully-automatic-quantitative-packaging-scale\/","title":{"rendered":"W pe\u0142ni automatyczna waga do pakowania ilo\u015bciowego"},"content":{"rendered":"<div data-elementor-type=\"product-post\" data-elementor-id=\"28108\" class=\"elementor elementor-28108\" data-elementor-post-type=\"product\">\n\t\t\t\t<div class=\"wd-negative-gap elementor-element elementor-element-7ac5dec e-flex e-con-boxed e-con e-parent\" data-id=\"7ac5dec\" data-element_type=\"container\" data-e-type=\"container\">\n\t\t\t\t\t<div class=\"e-con-inner\">\n\t\t\t\t<div class=\"elementor-element elementor-element-67c0bb3 elementor-widget elementor-widget-heading\" data-id=\"67c0bb3\" data-element_type=\"widget\" data-e-type=\"widget\" data-widget_type=\"heading.default\">\n\t\t\t\t\t<h2 class=\"elementor-heading-title elementor-size-default\">Opis produktu<\/h2>\t\t\t\t<\/div>\n\t\t\t\t<div class=\"elementor-element elementor-element-5dfd07e elementor-widget elementor-widget-wd_text_block\" data-id=\"5dfd07e\" data-element_type=\"widget\" data-e-type=\"widget\" data-widget_type=\"wd_text_block.default\">\n\t\t\t\t<div class=\"elementor-widget-container\">\n\t\t\t\t\t\t\t<div class=\"wd-text-block reset-last-child text-left\">\n\t\t\t\n\t\t\t<p>Wysoce precyzyjna maszyna pakuj\u0105ca do dok\u0142adnego pomiaru i pakowania w przedsi\u0119biorstwach zajmuj\u0105cych si\u0119 przetw\u00f3rstwem zbo\u017ca.<\/p>\n\t\t\t\t\t<\/div>\n\t\t\t\t\t\t<\/div>\n\t\t\t\t<\/div>\n\t\t\t\t\t<\/div>\n\t\t\t\t<\/div>\n\t\t<div class=\"wd-negative-gap elementor-element elementor-element-9c29f59 e-flex e-con-boxed e-con e-parent\" data-id=\"9c29f59\" data-element_type=\"container\" data-e-type=\"container\">\n\t\t\t\t\t<div class=\"e-con-inner\">\n\t\t\t\t<div class=\"elementor-element elementor-element-9b8b784 elementor-widget elementor-widget-heading\" data-id=\"9b8b784\" data-element_type=\"widget\" data-e-type=\"widget\" data-widget_type=\"heading.default\">\n\t\t\t\t\t<h2 class=\"elementor-heading-title elementor-size-default\">Specyfikacje produktu<\/h2>\t\t\t\t<\/div>\n\t\t\t\t<div class=\"elementor-element elementor-element-fc7ac5f elementor-widget elementor-widget-wd_text_block\" data-id=\"fc7ac5f\" data-element_type=\"widget\" data-e-type=\"widget\" data-widget_type=\"wd_text_block.default\">\n\t\t\t\t<div class=\"elementor-widget-container\">\n\t\t\t\t\t\t\t<div class=\"wd-text-block reset-last-child text-left\">\n\t\t\t\n\t\t\t<table><tbody><tr><td width=\"288\">Nazwa produktu<\/td><td width=\"288\">W pe\u0142ni automatyczna waga do pakowania ilo\u015bciowego<\/td><\/tr><tr><td width=\"288\">Kategoria<\/td><td width=\"288\">Sprz\u0119t uzupe\u0142niaj\u0105cy<\/td><\/tr><tr><td width=\"288\">Modelka<\/td><td width=\"288\">\u00a0<\/td><\/tr><tr><td width=\"288\">Opakowanie<\/td><td width=\"288\">Drewniana skrzynka<\/td><\/tr><tr><td width=\"288\">Pochodzenie<\/td><td width=\"288\">Chiny<\/td><\/tr><\/tbody><\/table>\n\t\t\t\t\t<\/div>\n\t\t\t\t\t\t<\/div>\n\t\t\t\t<\/div>\n\t\t\t\t\t<\/div>\n\t\t\t\t<\/div>\n\t\t<div class=\"wd-negative-gap elementor-element elementor-element-4d8b0c7 e-flex e-con-boxed e-con e-parent\" data-id=\"4d8b0c7\" data-element_type=\"container\" data-e-type=\"container\">\n\t\t\t\t\t<div class=\"e-con-inner\">\n\t\t\t\t<div class=\"elementor-element elementor-element-899bce0 elementor-widget elementor-widget-heading\" data-id=\"899bce0\" data-element_type=\"widget\" data-e-type=\"widget\" data-widget_type=\"heading.default\">\n\t\t\t\t\t<h2 class=\"elementor-heading-title elementor-size-default\">Aplikacje<\/h2>\t\t\t\t<\/div>\n\t\t\t\t<div class=\"elementor-element elementor-element-92dfe8b elementor-widget elementor-widget-wd_text_block\" data-id=\"92dfe8b\" data-element_type=\"widget\" data-e-type=\"widget\" data-widget_type=\"wd_text_block.default\">\n\t\t\t\t<div class=\"elementor-widget-container\">\n\t\t\t\t\t\t\t<div class=\"wd-text-block reset-last-child text-left\">\n\t\t\t\n\t\t\t<p>Przetw\u00f3rstwo zb\u00f3\u017c, zaprawianie nasion, przetw\u00f3rstwo \u017cywno\u015bci, przetwarzanie pasz itp.<\/p><p>\u00a0<\/p>\n\t\t\t\t\t<\/div>\n\t\t\t\t\t\t<\/div>\n\t\t\t\t<\/div>\n\t\t\t\t\t<\/div>\n\t\t\t\t<\/div>\n\t\t\t\t<\/div>","protected":false},"excerpt":{"rendered":"<p><span dir=\"auto\" style=\"vertical-align: inherit;\"><span dir=\"auto\" style=\"vertical-align: inherit;\">\u7528\u4e8e\u7cae\u98df\u52a0\u5de5\u4f01\u4e1a\u7cbe\u786e\u8ba1\u91cf\u548c\u5305\u88c5\u7684\u9ad8\u7cbe\u5ea6\u5305\u88c5\u673a.<\/span><\/span><\/p>","protected":false},"featured_media":28110,"comment_status":"open","ping_status":"closed","template":"","meta":{"_acf_changed":false},"product_brand":[],"product_cat":[243,186],"product_tag":[],"class_list":{"0":"post-28108","1":"product","2":"type-product","3":"status-publish","4":"has-post-thumbnail","6":"product_cat-corollary-equipment-2","7":"product_cat-grain-processing-equipment","9":"first","10":"instock","11":"featured","12":"shipping-taxable","13":"purchasable","14":"product-type-simple"},"acf":[],"_links":{"self":[{"href":"https:\/\/mantuglobal.com\/pl\/wp-json\/wp\/v2\/product\/28108","targetHints":{"allow":["GET"]}}],"collection":[{"href":"https:\/\/mantuglobal.com\/pl\/wp-json\/wp\/v2\/product"}],"about":[{"href":"https:\/\/mantuglobal.com\/pl\/wp-json\/wp\/v2\/types\/product"}],"replies":[{"embeddable":true,"href":"https:\/\/mantuglobal.com\/pl\/wp-json\/wp\/v2\/comments?post=28108"}],"version-history":[{"count":5,"href":"https:\/\/mantuglobal.com\/pl\/wp-json\/wp\/v2\/product\/28108\/revisions"}],"predecessor-version":[{"id":28263,"href":"https:\/\/mantuglobal.com\/pl\/wp-json\/wp\/v2\/product\/28108\/revisions\/28263"}],"wp:featuredmedia":[{"embeddable":true,"href":"https:\/\/mantuglobal.com\/pl\/wp-json\/wp\/v2\/media\/28110"}],"wp:attachment":[{"href":"https:\/\/mantuglobal.com\/pl\/wp-json\/wp\/v2\/media?parent=28108"}],"wp:term":[{"taxonomy":"product_brand","embeddable":true,"href":"https:\/\/mantuglobal.com\/pl\/wp-json\/wp\/v2\/product_brand?post=28108"},{"taxonomy":"product_cat","embeddable":true,"href":"https:\/\/mantuglobal.com\/pl\/wp-json\/wp\/v2\/product_cat?post=28108"},{"taxonomy":"product_tag","embeddable":true,"href":"https:\/\/mantuglobal.com\/pl\/wp-json\/wp\/v2\/product_tag?post=28108"}],"curies":[{"name":"wp","href":"https:\/\/api.w.org\/{rel}","templated":true}]}}