{"id":33,"date":"2025-01-14T12:03:31","date_gmt":"2025-01-14T12:03:31","guid":{"rendered":"https:\/\/dummy.xtemos.com\/woodmart2\/marketplace2-elementor\/?page_id=33"},"modified":"2026-03-26T08:38:25","modified_gmt":"2026-03-26T08:38:25","slug":"track-you-order","status":"publish","type":"page","link":"https:\/\/mantuglobal.com\/pl\/track-you-order\/","title":{"rendered":"\u015aled\u017a swoje zam\u00f3wienie"},"content":{"rendered":"<div data-elementor-type=\"wp-page\" data-elementor-id=\"33\" class=\"elementor elementor-33\" data-elementor-post-type=\"page\">\n\t\t\t\t<div class=\"wd-negative-gap elementor-element elementor-element-d96f529 e-flex e-con-boxed e-con e-parent\" data-id=\"d96f529\" data-element_type=\"container\">\n\t\t\t\t\t<div class=\"e-con-inner\">\n\t\t<div class=\"wd-sticky-container-lg elementor-element elementor-element-56812fb e-con-full wd-col-offcanvas-md-sm wd-col-offcanvas-sm e-flex wd-alignment-left e-con e-child\" data-id=\"56812fb\" data-element_type=\"container\">\n\t\t\t\t<div class=\"elementor-element elementor-element-64e3cf4 elementor-widget elementor-widget-wd_mega_menu\" data-id=\"64e3cf4\" data-element_type=\"widget\" data-widget_type=\"wd_mega_menu.default\">\n\t\t\t\t<div class=\"elementor-widget-container\">\n\t\t\t\t\t\t\t<div class=\"wd-menu widget_nav_mega_menu wd-nav-wrapper\">\n\t\t\t\t\t\t<ul id=\"menu-sidebar-menu-marketplace-2\" class=\"menu wd-nav wd-nav-vertical wd-design-simple wd-gap-l\"><li id=\"menu-item-27368\" class=\"menu-item menu-item-type-post_type menu-item-object-page menu-item-27368 item-level-0 menu-simple-dropdown wd-event-hover\" ><a href=\"https:\/\/mantuglobal.com\/pl\/track-you-order\/\" class=\"woodmart-nav-link\"><span class=\"nav-link-text\">\u015aled\u017a swoje zam\u00f3wienie<\/span><\/a><\/li>\n<li id=\"menu-item-27367\" class=\"menu-item menu-item-type-post_type menu-item-object-page menu-item-27367 item-level-0 menu-simple-dropdown wd-event-hover\" ><a href=\"https:\/\/mantuglobal.com\/pl\/about-us\/\" class=\"woodmart-nav-link\"><span class=\"nav-link-text\">O nas<\/span><\/a><\/li>\n<li id=\"menu-item-27370\" class=\"menu-item menu-item-type-post_type menu-item-object-page menu-item-27370 item-level-0 menu-simple-dropdown wd-event-hover\" ><a href=\"https:\/\/mantuglobal.com\/pl\/faqs\/\" class=\"woodmart-nav-link\"><span class=\"nav-link-text\">Cz\u0119sto zadawane pytania<\/span><\/a><\/li>\n<li id=\"menu-item-27371\" class=\"menu-item menu-item-type-post_type menu-item-object-page menu-item-27371 item-level-0 menu-simple-dropdown wd-event-hover\" ><a href=\"https:\/\/mantuglobal.com\/pl\/our-partners\/\" class=\"woodmart-nav-link\"><span class=\"nav-link-text\">Nasi partnerzy<\/span><\/a><\/li>\n<li id=\"menu-item-27372\" class=\"menu-item menu-item-type-post_type menu-item-object-page menu-item-27372 item-level-0 menu-simple-dropdown wd-event-hover\" ><a href=\"https:\/\/mantuglobal.com\/pl\/work-with-us\/\" class=\"woodmart-nav-link\"><span class=\"nav-link-text\">Pracuj z nami<\/span><\/a><\/li>\n<li id=\"menu-item-27369\" class=\"menu-item menu-item-type-post_type menu-item-object-page menu-item-27369 item-level-0 menu-simple-dropdown wd-event-hover\" ><a href=\"https:\/\/mantuglobal.com\/pl\/contact-us\/\" class=\"woodmart-nav-link\"><span class=\"nav-link-text\">Skontaktuj si\u0119 z nami<\/span><\/a><\/li>\n<\/ul>\t\t<\/div>\n\t\t\t\t\t\t<\/div>\n\t\t\t\t<\/div>\n\t\t\t\t<\/div>\n\t\t<div class=\"elementor-element elementor-element-227db15 e-con-full wd-col-content-md-sm wd-col-content-sm e-flex e-con e-child\" data-id=\"227db15\" data-element_type=\"container\">\n\t\t\t\t<div class=\"elementor-element elementor-element-3ff5bd1 elementor-hidden-desktop elementor-widget elementor-widget-wd_builder_off_canvas_column_btn\" data-id=\"3ff5bd1\" data-element_type=\"widget\" data-settings=\"{&quot;sticky&quot;:&quot;yes&quot;,&quot;sticky_on&quot;:[&quot;desktop&quot;,&quot;tablet&quot;,&quot;mobile&quot;],&quot;sticky_offset&quot;:0,&quot;sticky_effects_offset&quot;:0}\" data-widget_type=\"wd_builder_off_canvas_column_btn.default\">\n\t\t\t\t<div class=\"elementor-widget-container\">\n\t\t\t\t\t\n\t\t<div class=\"wd-off-canvas-btn wd-action-btn wd-style-text wd-burger-icon\">\n\t\t\t<a href=\"#\" rel=\"nofollow\">\n\t\t\t\t<span class=\"wd-action-icon\">\n\t\t\t\t\t\t\t\t\t<\/span>\n\t\t\t\t<span class=\"wd-action-text\">\n\t\t\t\t\tPoka\u017c pasek boczny\t\t\t\t<\/span>\n\t\t\t<\/a>\n\t\t<\/div>\n\n\t\t\t\t\t<div class=\"wd-sidebar-opener wd-show-on-scroll wd-action-btn wd-style-icon wd-burger-icon\">\n\t\t\t\t<a href=\"#\" rel=\"nofollow\">\n\t\t\t\t\t<span class=\"wd-action-icon\">\n\t\t\t\t\t\t\t\t\t\t\t<\/span>\n\t\t\t\t<\/a>\n\t\t\t<\/div>\n\t\t\t\t\t\t\t\t<\/div>\n\t\t\t\t<\/div>\n\t\t<div class=\"elementor-element elementor-element-bfdea65 e-con-full color-scheme-light e-flex e-con e-child\" data-id=\"bfdea65\" data-element_type=\"container\" data-settings=\"{&quot;background_background&quot;:&quot;classic&quot;}\">\n\t\t<div class=\"elementor-element elementor-element-92463a3 e-con-full e-flex e-con e-child\" data-id=\"92463a3\" data-element_type=\"container\">\n\t\t\t\t<div class=\"elementor-element elementor-element-8a2aaa0 wd-width-100 elementor-widget elementor-widget-wd_title\" data-id=\"8a2aaa0\" data-element_type=\"widget\" data-widget_type=\"wd_title.default\">\n\t\t\t\t<div class=\"elementor-widget-container\">\n\t\t\t\t\t\t\t<div class=\"title-wrapper wd-set-mb reset-last-child wd-title-color-default wd-title-style-default wd-title-size-default text-center\">\n\n\t\t\t\n\t\t\t<div class=\"liner-continer\">\n\t\t\t\t<h4 class=\"woodmart-title-container title wd-fontsize-l\">\u015aledzenie zam\u00f3wienia<\/h4> \n\t\t\t\t\t\t\t<\/div>\n\n\t\t\t\t\t<\/div>\n\t\t\t\t\t\t<\/div>\n\t\t\t\t<\/div>\n\t\t\t\t<div class=\"elementor-element elementor-element-a7e4796 elementor-widget elementor-widget-shortcode\" data-id=\"a7e4796\" data-element_type=\"widget\" data-widget_type=\"shortcode.default\">\n\t\t\t\t\t\t\t<div class=\"elementor-shortcode\"><div class=\"woocommerce\"><\/div><\/div>\n\t\t\t\t\t\t<\/div>\n\t\t\t\t<\/div>\n\t\t\t\t<\/div>\n\t\t\t\t<div class=\"elementor-element elementor-element-ff772da elementor-widget__width-initial wd-width-100 elementor-widget elementor-widget-wd_title\" data-id=\"ff772da\" data-element_type=\"widget\" data-widget_type=\"wd_title.default\">\n\t\t\t\t<div class=\"elementor-widget-container\">\n\t\t\t\t\t\t\t<div class=\"title-wrapper wd-set-mb reset-last-child wd-title-color-default wd-title-style-default wd-title-size-default text-left\">\n\n\t\t\t\n\t\t\t<div class=\"liner-continer\">\n\t\t\t\t<h4 class=\"woodmart-title-container title wd-fontsize-l\">Nie masz konta?<\/h4> \n\t\t\t\t\t\t\t<\/div>\n\n\t\t\t\t\t\t\t<div class=\"title-after_title reset-last-child wd-fontsize-xs\">\n\t\t\t\t\t<p>Nadal mo\u017cesz sprawdzi\u0107 status swojego zam\u00f3wienia bez logowania si\u0119. Je\u015bli nie masz numeru zam\u00f3wienia, zapoznaj si\u0119 z wiadomo\u015bci\u0105 e-mail z potwierdzeniem. Aby uzyska\u0107 dodatkow\u0105 pomoc, <a href=\"#\">Skontaktuj si\u0119 z nami<\/a><\/p>\t\t\t\t<\/div>\n\t\t\t\t\t<\/div>\n\t\t\t\t\t\t<\/div>\n\t\t\t\t<\/div>\n\t\t<div class=\"elementor-element elementor-element-856f841 e-con-full e-flex e-con e-child\" data-id=\"856f841\" data-element_type=\"container\" data-settings=\"{&quot;background_background&quot;:&quot;classic&quot;}\">\n\t\t\t\t<div class=\"elementor-element elementor-element-2b46e29 elementor-widget wd-nested-carousel\" data-id=\"2b46e29\" data-element_type=\"widget\" data-widget_type=\"wd_nested_carousel.default\">\n\t\t\t\t<div class=\"elementor-widget-container\">\n\t\t\t\t\t\t\t<div class=\"wd-nested-carousel wd-carousel-container\">\n\t\t\t<div class=\"wd-carousel-inner\">\n\t\t\t\t<div class=\"wd-carousel wd-grid\" data-scroll_per_page=\"yes\" style=\"--wd-col-lg:5;--wd-col-md:3;--wd-col-sm:1;--wd-gap-lg:20px;--wd-gap-sm:10px;\">\n\t\t\t\t\t<div class=\"wd-carousel-wrap\">\n\t\t\t\t\t\t<div class=\"wd-carousel-item elementor-element elementor-element-13a93202 e-con-full e-flex e-con e-child\" data-id=\"13a93202\" data-element_type=\"container\">\n\t\t<div class=\"wd-negative-gap elementor-element elementor-element-4beb1c92 e-flex e-con-boxed e-con e-child\" data-id=\"4beb1c92\" data-element_type=\"container\">\n\t\t\t\t\t<div class=\"e-con-inner\">\n\t\t\t\t<div class=\"elementor-element elementor-element-7fd67043 elementor-widget elementor-widget-wd_infobox\" data-id=\"7fd67043\" data-element_type=\"widget\" data-widget_type=\"wd_infobox.default\">\n\t\t\t\t<div class=\"elementor-widget-container\">\n\t\t\t\t\t\t\t<div class=\"info-box-wrapper\">\n\t\t\t<div class=\"wd-info-box text-left box-icon-align-left box-style-base color-scheme-light wd-items-middle\">\n\t\t\t\t\t\t\t\t\t<div class=\"box-icon-wrapper  box-with-icon box-icon-simple\">\n\t\t\t\t\t\t<div class=\"info-box-icon\">\n\t\t\t\t\t\t\t\t\t\t\t\t\t\t\t<div class=\"info-svg-wrapper\" style=\"width:32px; height:32px;\"><img decoding=\"async\"  src=\"https:\/\/mantuglobal.com\/wp-content\/uploads\/2025\/01\/mp2-infobox-map-pointer.svg\" title=\"mp2-infobox-wska\u017anik-mapy\" loading=\"lazy\" width=\"32\" height=\"32\"><\/div>\t\t\t\t\t\t\t\t\t\t\t\t\t<\/div>\n\t\t\t\t\t<\/div>\n\t\t\t\t\n\t\t\t\t<div class=\"info-box-content\">\n\t\t\t\t\t\n\t\t\t\t\t\t\t\t\t\t\t<h4\t\t\t\t\t\tclass=\"info-box-title title box-title-style-default wd-fontsize-m\" data-elementor-setting-key=\"title\">\n\t\t\t\t\t\t\t\tWsparcie logistyki masowej\t\t\t\t\t\t<\/h4>\n\t\t\t\t\t\n\t\t\t\t\t<div class=\"info-box-inner reset-last-child\"data-elementor-setting-key=\"content\"><p>Dostawa priorytetowa dla zam\u00f3wie\u0144 korporacyjnych<\/p>\n<\/div>\n\n\t\t\t\t\t\t\t\t\t<\/div>\n\n\t\t\t\t\t\t\t<\/div>\n\t\t<\/div>\n\t\t\t\t\t\t<\/div>\n\t\t\t\t<\/div>\n\t\t\t\t\t<\/div>\n\t\t\t\t<\/div>\n\t\t\t\t<\/div>\n\t\t<div class=\"wd-carousel-item elementor-element elementor-element-7d422a4a e-con-full e-flex e-con e-child\" data-id=\"7d422a4a\" data-element_type=\"container\">\n\t\t<div class=\"elementor-element elementor-element-32a2f6e7 e-con-full e-flex e-con e-child\" data-id=\"32a2f6e7\" data-element_type=\"container\">\n\t\t\t\t<div class=\"elementor-element elementor-element-467c575f elementor-widget elementor-widget-wd_infobox\" data-id=\"467c575f\" data-element_type=\"widget\" data-widget_type=\"wd_infobox.default\">\n\t\t\t\t<div class=\"elementor-widget-container\">\n\t\t\t\t\t\t\t<div class=\"info-box-wrapper\">\n\t\t\t<div class=\"wd-info-box text-left box-icon-align-left box-style-base color-scheme-light wd-items-middle\">\n\t\t\t\t\t\t\t\t\t<div class=\"box-icon-wrapper  box-with-icon box-icon-simple\">\n\t\t\t\t\t\t<div class=\"info-box-icon\">\n\t\t\t\t\t\t\t\t\t\t\t\t\t\t\t<div class=\"info-svg-wrapper\" style=\"width:32px; height:32px;\"><img decoding=\"async\"  src=\"https:\/\/mantuglobal.com\/wp-content\/uploads\/2025\/01\/mp2-infobox-bundle.svg\" title=\"pakiet mp2-infobox\" loading=\"lazy\" width=\"32\" height=\"32\"><\/div>\t\t\t\t\t\t\t\t\t\t\t\t\t<\/div>\n\t\t\t\t\t<\/div>\n\t\t\t\t\n\t\t\t\t<div class=\"info-box-content\">\n\t\t\t\t\t\n\t\t\t\t\t\t\t\t\t\t\t<h4\t\t\t\t\t\tclass=\"info-box-title title box-title-style-default wd-fontsize-m\" data-elementor-setting-key=\"title\">\n\t\t\t\t\t\t\t\tRealizacja przedsi\u0119biorstwa\t\t\t\t\t\t<\/h4>\n\t\t\t\t\t\n\t\t\t\t\t<div class=\"info-box-inner reset-last-child\"data-elementor-setting-key=\"content\"><p>Terminowe dostawy dla dzia\u0142alno\u015bci gospodarczej<\/p>\n<\/div>\n\n\t\t\t\t\t\t\t\t\t<\/div>\n\n\t\t\t\t\t\t\t<\/div>\n\t\t<\/div>\n\t\t\t\t\t\t<\/div>\n\t\t\t\t<\/div>\n\t\t\t\t<\/div>\n\t\t\t\t<\/div>\n\t\t<div class=\"wd-carousel-item elementor-element elementor-element-5215107a e-con-full e-flex e-con e-child\" data-id=\"5215107a\" data-element_type=\"container\">\n\t\t<div class=\"elementor-element elementor-element-7894f89d e-con-full e-flex e-con e-child\" data-id=\"7894f89d\" data-element_type=\"container\">\n\t\t\t\t<div class=\"elementor-element elementor-element-229fd7aa elementor-widget elementor-widget-wd_infobox\" data-id=\"229fd7aa\" data-element_type=\"widget\" data-widget_type=\"wd_infobox.default\">\n\t\t\t\t<div class=\"elementor-widget-container\">\n\t\t\t\t\t\t\t<div class=\"info-box-wrapper\">\n\t\t\t<div class=\"wd-info-box text-left box-icon-align-left box-style-base color-scheme-light wd-items-middle\">\n\t\t\t\t\t\t\t\t\t<div class=\"box-icon-wrapper  box-with-icon box-icon-simple\">\n\t\t\t\t\t\t<div class=\"info-box-icon\">\n\t\t\t\t\t\t\t\t\t\t\t\t\t\t\t<div class=\"info-svg-wrapper\" style=\"width:32px; height:32px;\"><img decoding=\"async\"  src=\"https:\/\/mantuglobal.com\/wp-content\/uploads\/2025\/01\/mp2-infobox-like.svg\" title=\"podobny do mp2-infobox\" loading=\"lazy\" width=\"32\" height=\"32\"><\/div>\t\t\t\t\t\t\t\t\t\t\t\t\t<\/div>\n\t\t\t\t\t<\/div>\n\t\t\t\t\n\t\t\t\t<div class=\"info-box-content\">\n\t\t\t\t\t\n\t\t\t\t\t\t\t\t\t\t\t<h4\t\t\t\t\t\tclass=\"info-box-title title box-title-style-default wd-fontsize-m\" data-elementor-setting-key=\"title\">\n\t\t\t\t\t\t\t\tGwarancja zwrotu jako\u015bci\t\t\t\t\t\t<\/h4>\n\t\t\t\t\t\n\t\t\t\t\t<div class=\"info-box-inner reset-last-child\"data-elementor-setting-key=\"content\"><p>Wszystkie metody wysy\u0142ki<\/p>\n<\/div>\n\n\t\t\t\t\t\t\t\t\t<\/div>\n\n\t\t\t\t\t\t\t<\/div>\n\t\t<\/div>\n\t\t\t\t\t\t<\/div>\n\t\t\t\t<\/div>\n\t\t\t\t<\/div>\n\t\t\t\t<\/div>\n\t\t<div class=\"wd-carousel-item elementor-element elementor-element-2e06ce74 e-con-full e-flex e-con e-child\" data-id=\"2e06ce74\" data-element_type=\"container\">\n\t\t<div class=\"elementor-element elementor-element-445f8908 e-con-full e-flex e-con e-child\" data-id=\"445f8908\" data-element_type=\"container\">\n\t\t\t\t<div class=\"elementor-element elementor-element-3ffedbf elementor-widget elementor-widget-wd_infobox\" data-id=\"3ffedbf\" data-element_type=\"widget\" data-widget_type=\"wd_infobox.default\">\n\t\t\t\t<div class=\"elementor-widget-container\">\n\t\t\t\t\t\t\t<div class=\"info-box-wrapper\">\n\t\t\t<div class=\"wd-info-box text-left box-icon-align-left box-style-base color-scheme-light wd-items-middle\">\n\t\t\t\t\t\t\t\t\t<div class=\"box-icon-wrapper  box-with-icon box-icon-simple\">\n\t\t\t\t\t\t<div class=\"info-box-icon\">\n\t\t\t\t\t\t\t\t\t\t\t\t\t\t\t<div class=\"info-svg-wrapper\" style=\"width:32px; height:32px;\"><img decoding=\"async\"  src=\"https:\/\/mantuglobal.com\/wp-content\/uploads\/2025\/01\/mp2-infobox-phone-clrd.svg\" title=\"mp2-infobox-telefon-clrd\" loading=\"lazy\" width=\"32\" height=\"32\"><\/div>\t\t\t\t\t\t\t\t\t\t\t\t\t<\/div>\n\t\t\t\t\t<\/div>\n\t\t\t\t\n\t\t\t\t<div class=\"info-box-content\">\n\t\t\t\t\t\n\t\t\t\t\t\t\t\t\t\t\t<h4\t\t\t\t\t\tclass=\"info-box-title title box-title-style-default wd-fontsize-m\" data-elementor-setting-key=\"title\">\n\t\t\t\t\t\t\t\tEkspercka obs\u0142uga klienta\t\t\t\t\t\t<\/h4>\n\t\t\t\t\t\n\t\t\t\t\t<div class=\"info-box-inner reset-last-child\"data-elementor-setting-key=\"content\"><p>Wybierz czat lub zadzwo\u0144 do nas<span style=\"font-size: 15px;color: var(--wd-text-color);text-align: var(--text-align)\"><\/span><\/p>\n<\/div>\n\n\t\t\t\t\t\t\t\t\t<\/div>\n\n\t\t\t\t\t\t\t<\/div>\n\t\t<\/div>\n\t\t\t\t\t\t<\/div>\n\t\t\t\t<\/div>\n\t\t\t\t<\/div>\n\t\t\t\t<\/div>\n\t\t<div class=\"wd-carousel-item elementor-element elementor-element-52924bc e-con-full e-flex e-con e-child\" data-id=\"52924bc\" data-element_type=\"container\">\n\t\t<div class=\"elementor-element elementor-element-6ac1683 e-con-full e-flex e-con e-child\" data-id=\"6ac1683\" data-element_type=\"container\">\n\t\t\t\t<div class=\"elementor-element elementor-element-1c461fe elementor-widget elementor-widget-wd_infobox\" data-id=\"1c461fe\" data-element_type=\"widget\" data-widget_type=\"wd_infobox.default\">\n\t\t\t\t<div class=\"elementor-widget-container\">\n\t\t\t\t\t\t\t<div class=\"info-box-wrapper\">\n\t\t\t<div class=\"wd-info-box text-left box-icon-align-left box-style-base color-scheme-light wd-items-middle\">\n\t\t\t\t\t\t\t\t\t<div class=\"box-icon-wrapper  box-with-icon box-icon-simple\">\n\t\t\t\t\t\t<div class=\"info-box-icon\">\n\t\t\t\t\t\t\t\t\t\t\t\t\t\t\t<div class=\"info-svg-wrapper\" style=\"width:32px; height:32px;\"><img decoding=\"async\"  src=\"https:\/\/mantuglobal.com\/wp-content\/uploads\/2025\/01\/mp2-infobox-heart.svg\" title=\"mp2-infobox-serce\" loading=\"lazy\" width=\"32\" height=\"32\"><\/div>\t\t\t\t\t\t\t\t\t\t\t\t\t<\/div>\n\t\t\t\t\t<\/div>\n\t\t\t\t\n\t\t\t\t<div class=\"info-box-content\">\n\t\t\t\t\t\n\t\t\t\t\t\t\t\t\t\t\t<h4\t\t\t\t\t\tclass=\"info-box-title title box-title-style-default wd-fontsize-m\" data-elementor-setting-key=\"title\">\n\t\t\t\t\t\t\t\tWszystkie metody wysy\u0142ki\t\t\t\t\t\t<\/h4>\n\t\t\t\t\t\n\t\t\t\t\t<div class=\"info-box-inner reset-last-child\"data-elementor-setting-key=\"content\"><p>Bardziej ekskluzywne produkty<\/p>\n<\/div>\n\n\t\t\t\t\t\t\t\t\t<\/div>\n\n\t\t\t\t\t\t\t<\/div>\n\t\t<\/div>\n\t\t\t\t\t\t<\/div>\n\t\t\t\t<\/div>\n\t\t\t\t<\/div>\n\t\t\t\t<\/div>\n\t\t\t\t\t\t\t<\/div>\n\t\t\t\t<\/div>\n\n\t\t\t\t\t\t\t\t\t\t\t<div class=\"wd-nav-arrows wd-pos-sep wd-hover-1 wd-icon-1\">\n\t\t\t<div class=\"wd-btn-arrow wd-prev wd-disabled\">\n\t\t\t\t<div class=\"wd-arrow-inner\"><\/div>\n\t\t\t<\/div>\n\t\t\t<div class=\"wd-btn-arrow wd-next\">\n\t\t\t\t<div class=\"wd-arrow-inner\"><\/div>\n\t\t\t<\/div>\n\t\t<\/div>\n\t\t\t\t\t\t\t\t\t<\/div>\n\n\t\t\t\t\t\t\t\t<\/div>\n\t\t\t\t\t\t<\/div>\n\t\t\t\t<\/div>\n\t\t\t\t<\/div>\n\t\t\t\t<\/div>\n\t\t\t\t\t<\/div>\n\t\t\t\t<\/div>\n\t\t\t\t<\/div>","protected":false},"excerpt":{"rendered":"<p>\u015aled\u017a swoje zam\u00f3wienie O nas Cz\u0119sto zadawane pytania Nasi partnerzy Wsp\u00f3\u0142pracuj\u0105 z nami Kontakt Poka\u017c pasek boczny \u015aledzenie zam\u00f3wie\u0144 Nie masz<\/p>","protected":false},"author":1,"featured_media":0,"parent":0,"menu_order":0,"comment_status":"closed","ping_status":"closed","template":"","meta":{"_acf_changed":false,"footnotes":""},"class_list":["post-33","page","type-page","status-publish","hentry"],"acf":[],"_links":{"self":[{"href":"https:\/\/mantuglobal.com\/pl\/wp-json\/wp\/v2\/pages\/33","targetHints":{"allow":["GET"]}}],"collection":[{"href":"https:\/\/mantuglobal.com\/pl\/wp-json\/wp\/v2\/pages"}],"about":[{"href":"https:\/\/mantuglobal.com\/pl\/wp-json\/wp\/v2\/types\/page"}],"author":[{"embeddable":true,"href":"https:\/\/mantuglobal.com\/pl\/wp-json\/wp\/v2\/users\/1"}],"replies":[{"embeddable":true,"href":"https:\/\/mantuglobal.com\/pl\/wp-json\/wp\/v2\/comments?post=33"}],"version-history":[{"count":3,"href":"https:\/\/mantuglobal.com\/pl\/wp-json\/wp\/v2\/pages\/33\/revisions"}],"predecessor-version":[{"id":28278,"href":"https:\/\/mantuglobal.com\/pl\/wp-json\/wp\/v2\/pages\/33\/revisions\/28278"}],"wp:attachment":[{"href":"https:\/\/mantuglobal.com\/pl\/wp-json\/wp\/v2\/media?parent=33"}],"curies":[{"name":"wp","href":"https:\/\/api.w.org\/{rel}","templated":true}]}}