{"id":28485,"date":"2026-04-07T07:01:25","date_gmt":"2026-04-07T07:01:25","guid":{"rendered":"https:\/\/mantuglobal.com\/product\/straight-pom-chain-plate-conveyor\/"},"modified":"2026-04-27T13:22:25","modified_gmt":"2026-04-27T05:22:25","slug":"straight-pom-chain-plate-conveyor","status":"publish","type":"product","link":"https:\/\/mantuglobal.com\/lt\/product\/straight-pom-chain-plate-conveyor\/","title":{"rendered":"Tiesus POM grandininis plok\u0161telinis konvejeris"},"content":{"rendered":"<h2>Produkto ap\u017evalga<\/h2>\n<p>Tiesus POM grandininis plok\u0161telinis konvejeris turi tiksliai suprojektuotas POM (polioksimetileno) grandines, skirtas maistini\u0173 med\u017eiag\u0173 transportavimui. Idealiai tinka naudoti, kai reikia higienos ir tikslumo.<\/p>\n<h2>Pagrindin\u0117s savyb\u0117s<\/h2>\n<ul>\n<li><strong>Maisto klas\u0117s POM:<\/strong> Higienin\u0117 med\u017eiaga, saugi liestis su maistu<\/li>\n<li><strong>Tikslioji in\u017einerija:<\/strong> Tikslus ir sklandus transportavimas<\/li>\n<li><strong>Atsparus chemikalams:<\/strong> Atsparus valymo chemikalams<\/li>\n<li><strong>Ma\u017ea trintis:<\/strong> Sklandus veikimas su minimaliu susid\u0117v\u0117jimu<\/li>\n<li><strong>Modulinis dizainas:<\/strong> Lengva konfig\u016bruoti ir pri\u017ei\u016br\u0117ti<\/li>\n<\/ul>\n<h2>Programos<\/h2>\n<p>Puikiai tinka:<\/p>\n<ul>\n<li>Maisto perdirbimo linijos<\/li>\n<li>Farmacijos taikymas<\/li>\n<li>\u0160varios kambario aplinka<\/li>\n<li>Tikslus valdymas<\/li>\n<\/ul>\n<h2>Kokyb\u0117s u\u017etikrinimas<\/h2>\n<p>Tiksli higiena su patikimu veikimu.<\/p>","protected":false},"excerpt":{"rendered":"<p>Tikslus POM grandininis konvejeris, skirtas naudoti maistui<\/p>","protected":false},"featured_media":28441,"comment_status":"open","ping_status":"closed","template":"","meta":{"_acf_changed":false},"product_brand":[],"product_cat":[243,186],"product_tag":[258,281,279,280],"class_list":{"0":"post-28485","1":"product","2":"type-product","3":"status-publish","4":"has-post-thumbnail","6":"product_cat-corollary-equipment-2","7":"product_cat-grain-processing-equipment","8":"product_tag-food-grade","9":"product_tag-hygienic-transport","10":"product_tag-pom-conveyor","11":"product_tag-precision-conveyor","13":"first","14":"instock","15":"shipping-taxable","16":"purchasable","17":"product-type-simple"},"acf":[],"_links":{"self":[{"href":"https:\/\/mantuglobal.com\/lt\/wp-json\/wp\/v2\/product\/28485","targetHints":{"allow":["GET"]}}],"collection":[{"href":"https:\/\/mantuglobal.com\/lt\/wp-json\/wp\/v2\/product"}],"about":[{"href":"https:\/\/mantuglobal.com\/lt\/wp-json\/wp\/v2\/types\/product"}],"replies":[{"embeddable":true,"href":"https:\/\/mantuglobal.com\/lt\/wp-json\/wp\/v2\/comments?post=28485"}],"version-history":[{"count":1,"href":"https:\/\/mantuglobal.com\/lt\/wp-json\/wp\/v2\/product\/28485\/revisions"}],"predecessor-version":[{"id":30112,"href":"https:\/\/mantuglobal.com\/lt\/wp-json\/wp\/v2\/product\/28485\/revisions\/30112"}],"wp:featuredmedia":[{"embeddable":true,"href":"https:\/\/mantuglobal.com\/lt\/wp-json\/wp\/v2\/media\/28441"}],"wp:attachment":[{"href":"https:\/\/mantuglobal.com\/lt\/wp-json\/wp\/v2\/media?parent=28485"}],"wp:term":[{"taxonomy":"product_brand","embeddable":true,"href":"https:\/\/mantuglobal.com\/lt\/wp-json\/wp\/v2\/product_brand?post=28485"},{"taxonomy":"product_cat","embeddable":true,"href":"https:\/\/mantuglobal.com\/lt\/wp-json\/wp\/v2\/product_cat?post=28485"},{"taxonomy":"product_tag","embeddable":true,"href":"https:\/\/mantuglobal.com\/lt\/wp-json\/wp\/v2\/product_tag?post=28485"}],"curies":[{"name":"wp","href":"https:\/\/api.w.org\/{rel}","templated":true}]}}