{"id":29786,"date":"2026-04-24T10:54:02","date_gmt":"2026-04-24T02:54:02","guid":{"rendered":"https:\/\/mantuglobal.com\/product\/chierda-nb912-4g-lte-network-two-way-radio\/"},"modified":"2026-04-24T10:54:03","modified_gmt":"2026-04-24T02:54:03","slug":"chierda-nb912-4g-lte-network-two-way-radio","status":"publish","type":"product","link":"https:\/\/mantuglobal.com\/hu\/product\/chierda-nb912-4g-lte-network-two-way-radio\/","title":{"rendered":"CHIERDA NB912 4G LTE h\u00e1l\u00f3zati k\u00e9tir\u00e1ny\u00fa r\u00e1di\u00f3"},"content":{"rendered":"<h2>Chierda NB912 h\u00e1l\u00f3zati (4G LTE) walkie-talkie<\/h2>\n<ul>\n<li>Dual SIM Switching \u2013 k\u00e9t h\u00e1l\u00f3zat egyidej\u0171 haszn\u00e1lata<\/li>\n<li>K\u00f6rnyezeti zajsz\u0171r\u00e9s<\/li>\n<li>Intelligens energiatakar\u00e9koss\u00e1g \u2013 automatikusan meghosszabb\u00edtja az akkumul\u00e1tor \u00e9lettartam\u00e1t<\/li>\n<li>Hossz\u00fa akkumul\u00e1tor-\u00e9lettartam \u2013 eg\u00e9sz nap kapcsolatban marad<\/li>\n<li>Nagy kapacit\u00e1s\u00fa akkumul\u00e1tor \u2013 hosszabb ideig haszn\u00e1lhat\u00f3 \u00fajrat\u00f6lt\u00e9s n\u00e9lk\u00fcl<\/li>\n<\/ul>\n<h2>M\u0171szaki el\u0151\u00edr\u00e1sok<\/h2>\n<table>\n<tr>\n<td><strong>Akkumul\u00e1tor kapacit\u00e1sa<\/strong><\/td>\n<td>3000 mAh<\/td>\n<\/tr>\n<tr>\n<td><strong>M\u00e9retek<\/strong><\/td>\n<td>103x57x35 mm<\/td>\n<\/tr>\n<tr>\n<td><strong>\u00dczemi fesz\u00fclts\u00e9g<\/strong><\/td>\n<td>3,7V<\/td>\n<\/tr>\n<\/table>","protected":false},"excerpt":{"rendered":"<p>Chierda NB912 \u2013 H\u00e1l\u00f3zati (4G LTE) Walkie-Talkie. Dual SIM Switching \u2013 k\u00e9t h\u00e1l\u00f3zat egyidej\u0171 haszn\u00e1lata. K\u00f6rnyezeti zajsz\u0171r\u00e9s. Intelligens energiatakar\u00e9koss\u00e1g \u2013 automatikusan meghosszabb\u00edtja az akkumul\u00e1tor \u00e9lettartam\u00e1t<\/p>","protected":false},"featured_media":29735,"comment_status":"open","ping_status":"closed","template":"","meta":{"_acf_changed":false},"product_brand":[],"product_cat":[637],"product_tag":[],"class_list":{"0":"post-29786","1":"product","2":"type-product","3":"status-publish","4":"has-post-thumbnail","6":"product_cat-walkie-talkie-two-way-radio","8":"first","9":"instock","10":"shipping-taxable","11":"purchasable","12":"product-type-simple"},"acf":[],"_links":{"self":[{"href":"https:\/\/mantuglobal.com\/hu\/wp-json\/wp\/v2\/product\/29786","targetHints":{"allow":["GET"]}}],"collection":[{"href":"https:\/\/mantuglobal.com\/hu\/wp-json\/wp\/v2\/product"}],"about":[{"href":"https:\/\/mantuglobal.com\/hu\/wp-json\/wp\/v2\/types\/product"}],"replies":[{"embeddable":true,"href":"https:\/\/mantuglobal.com\/hu\/wp-json\/wp\/v2\/comments?post=29786"}],"version-history":[{"count":0,"href":"https:\/\/mantuglobal.com\/hu\/wp-json\/wp\/v2\/product\/29786\/revisions"}],"wp:featuredmedia":[{"embeddable":true,"href":"https:\/\/mantuglobal.com\/hu\/wp-json\/wp\/v2\/media\/29735"}],"wp:attachment":[{"href":"https:\/\/mantuglobal.com\/hu\/wp-json\/wp\/v2\/media?parent=29786"}],"wp:term":[{"taxonomy":"product_brand","embeddable":true,"href":"https:\/\/mantuglobal.com\/hu\/wp-json\/wp\/v2\/product_brand?post=29786"},{"taxonomy":"product_cat","embeddable":true,"href":"https:\/\/mantuglobal.com\/hu\/wp-json\/wp\/v2\/product_cat?post=29786"},{"taxonomy":"product_tag","embeddable":true,"href":"https:\/\/mantuglobal.com\/hu\/wp-json\/wp\/v2\/product_tag?post=29786"}],"curies":[{"name":"wp","href":"https:\/\/api.w.org\/{rel}","templated":true}]}}