{"id":28924,"date":"2026-04-10T07:45:45","date_gmt":"2026-04-10T07:45:45","guid":{"rendered":"https:\/\/mantuglobal.com\/product\/mantu-anti-wear-hydraulic-oil\/"},"modified":"2026-04-27T13:23:07","modified_gmt":"2026-04-27T05:23:07","slug":"mantu-anti-wear-hydraulic-oil","status":"publish","type":"product","link":"https:\/\/mantuglobal.com\/hu\/product\/mantu-anti-wear-hydraulic-oil\/","title":{"rendered":"Mantu kop\u00e1sg\u00e1tl\u00f3 hidraulika olaj"},"content":{"rendered":"<h2>Term\u00e9k \u00e1ttekint\u00e9se<\/h2>\n<p>Finom\u00edtott \u00e1sv\u00e1nyolajjal \u00e9s nagy viszkozit\u00e1s\u00fa alapolajjal, funkcion\u00e1lis AW adal\u00e9kokkal. Kiv\u00e1l\u00f3 kop\u00e1sg\u00e1tl\u00f3 teljes\u00edtm\u00e9ny, j\u00f3 viszkozit\u00e1s-h\u0151m\u00e9rs\u00e9klet-tulajdons\u00e1gok \u00e9s kiv\u00e1l\u00f3 oxid\u00e1ci\u00f3s stabilit\u00e1s. Ide\u00e1lis ipari hidraulikus rendszerekhez.<\/p>\n<h2>M\u0171szaki adatok<\/h2>\n<p>ISO VG 32\/46\/68\/100<\/p>\n<h2>Alkalmaz\u00e1sok<\/h2>\n<p>Ipari, kereskedelmi \u00e9s professzion\u00e1lis haszn\u00e1latra.<\/p>\n<h2>Min\u0151s\u00e9gbiztos\u00edt\u00e1s<\/h2>\n<p>Mantu m\u00e1rk\u00e1s term\u00e9k a Hangzhou Guipin Tiancheng-t\u0151l. Pr\u00e9mium min\u0151s\u00e9g versenyk\u00e9pes \u00e1rakkal.<\/p>","protected":false},"excerpt":{"rendered":"<p>Mantu m\u00e1rk\u00e1j\u00fa kop\u00e1sg\u00e1tl\u00f3 hidraulika olaj<\/p>","protected":false},"featured_media":28908,"comment_status":"open","ping_status":"closed","template":"","meta":{"_acf_changed":false},"product_brand":[],"product_cat":[688,693,689],"product_tag":[720,700],"class_list":{"0":"post-28924","1":"product","2":"type-product","3":"status-publish","4":"has-post-thumbnail","6":"product_cat-chemicals","7":"product_cat-hydraulic-oil","8":"product_cat-lubricants-greases","9":"product_tag-hydraulic-oil","10":"product_tag-mantu","12":"first","13":"instock","14":"shipping-taxable","15":"purchasable","16":"product-type-simple"},"acf":[],"_links":{"self":[{"href":"https:\/\/mantuglobal.com\/hu\/wp-json\/wp\/v2\/product\/28924","targetHints":{"allow":["GET"]}}],"collection":[{"href":"https:\/\/mantuglobal.com\/hu\/wp-json\/wp\/v2\/product"}],"about":[{"href":"https:\/\/mantuglobal.com\/hu\/wp-json\/wp\/v2\/types\/product"}],"replies":[{"embeddable":true,"href":"https:\/\/mantuglobal.com\/hu\/wp-json\/wp\/v2\/comments?post=28924"}],"version-history":[{"count":1,"href":"https:\/\/mantuglobal.com\/hu\/wp-json\/wp\/v2\/product\/28924\/revisions"}],"predecessor-version":[{"id":30125,"href":"https:\/\/mantuglobal.com\/hu\/wp-json\/wp\/v2\/product\/28924\/revisions\/30125"}],"wp:featuredmedia":[{"embeddable":true,"href":"https:\/\/mantuglobal.com\/hu\/wp-json\/wp\/v2\/media\/28908"}],"wp:attachment":[{"href":"https:\/\/mantuglobal.com\/hu\/wp-json\/wp\/v2\/media?parent=28924"}],"wp:term":[{"taxonomy":"product_brand","embeddable":true,"href":"https:\/\/mantuglobal.com\/hu\/wp-json\/wp\/v2\/product_brand?post=28924"},{"taxonomy":"product_cat","embeddable":true,"href":"https:\/\/mantuglobal.com\/hu\/wp-json\/wp\/v2\/product_cat?post=28924"},{"taxonomy":"product_tag","embeddable":true,"href":"https:\/\/mantuglobal.com\/hu\/wp-json\/wp\/v2\/product_tag?post=28924"}],"curies":[{"name":"wp","href":"https:\/\/api.w.org\/{rel}","templated":true}]}}