{"id":29187,"date":"2026-04-15T09:01:05","date_gmt":"2026-04-15T09:01:05","guid":{"rendered":"https:\/\/mantuglobal.com\/product\/350a-spear-350a-omnidirectional-obstacle-avoidance-heavy-lift-drone\/"},"modified":"2026-04-15T09:01:05","modified_gmt":"2026-04-15T09:01:05","slug":"350a-spear-350a-omnidirectional-obstacle-avoidance-heavy-lift-drone","status":"publish","type":"product","link":"https:\/\/mantuglobal.com\/et\/product\/350a-spear-350a-omnidirectional-obstacle-avoidance-heavy-lift-drone\/","title":{"rendered":"350A oda-350A mitmesuunaline takistuste v\u00e4ltimise rasket\u00f5steline droon"},"content":{"rendered":"<p><strong>350A oda-350A mitmesuunaline takistuste v\u00e4ltimise rasket\u00f5steline droon<\/strong><\/p>\n<table border=\"1\" cellpadding=\"6\" style=\"border-collapse:collapse;width:100%\">\n<tr>\n<td><strong>N\u00e4htava valguse kaamera<\/strong><\/td>\n<td>48 megapikslit<\/td>\n<\/tr>\n<tr>\n<td><strong>Termilise pildistamise eraldusv\u00f5ime<\/strong><\/td>\n<td>640\u00d7512<\/td>\n<\/tr>\n<tr>\n<td><strong>Laserkauguse m\u00e4\u00e4ramine<\/strong><\/td>\n<td>5-1500 m<\/td>\n<\/tr>\n<tr>\n<td><strong>Maksimaalne kandev\u00f5ime<\/strong><\/td>\n<td>6 kg<\/td>\n<\/tr>\n<tr>\n<td><strong>Standardne koormustaluvus<\/strong><\/td>\n<td>60 min<\/td>\n<\/tr>\n<tr>\n<td><strong>Vastupidavus 3 kg koormusega<\/strong><\/td>\n<td>30 min<\/td>\n<\/tr>\n<tr>\n<td><strong>Maksimaalne lennukiirus<\/strong><\/td>\n<td>23m\/s<\/td>\n<\/tr>\n<tr>\n<td><strong>Takistuste v\u00e4ltimine<\/strong><\/td>\n<td>K\u00f5iksuunaline<\/td>\n<\/tr>\n<tr>\n<td><strong>Tuulekindlus<\/strong><\/td>\n<td>6. tase<\/td>\n<\/tr>\n<tr>\n<td><strong>Kaitseaste<\/strong><\/td>\n<td>IP54<\/td>\n<\/tr>\n<tr>\n<td><strong>Positsioneerimise t\u00e4psus<\/strong><\/td>\n<td>GNSS\u00b11,5m \/ RTK\u00b10,02m<\/td>\n<\/tr>\n<tr>\n<td><strong>Suhtluskaugus<\/strong><\/td>\n<td>\u226510 km<\/td>\n<\/tr>\n<\/table>\n<p><strong>Peamised omadused:<\/strong><br \/>\u2022 K\u00f5iksuunaline v\u00e4ltimine + maastiku j\u00e4rgimine ohutuks lennuks<br \/>\u2022 Suur kandev\u00f5ime, pikk vastupidavus, k\u00f5rge t\u00f6\u00f6kindlus<br \/>\u2022 CM-taseme RTK positsioneerimine t\u00e4psemaks t\u00f6\u00f6ks<br \/>\u2022 Toetage klastri ja modulaarset laiendamist<\/p>","protected":false},"excerpt":{"rendered":"<p>K\u00f5iksuunaline v\u00e4ltimine + maastiku j\u00e4lgimine ohutuks lennuks<\/p>","protected":false},"featured_media":29155,"comment_status":"open","ping_status":"closed","template":"","meta":{"_acf_changed":false},"product_brand":[],"product_cat":[779],"product_tag":[],"class_list":{"0":"post-29187","1":"product","2":"type-product","3":"status-publish","4":"has-post-thumbnail","6":"product_cat-drones-aerial-drones","8":"first","9":"instock","10":"shipping-taxable","11":"purchasable","12":"product-type-simple"},"acf":[],"_links":{"self":[{"href":"https:\/\/mantuglobal.com\/et\/wp-json\/wp\/v2\/product\/29187","targetHints":{"allow":["GET"]}}],"collection":[{"href":"https:\/\/mantuglobal.com\/et\/wp-json\/wp\/v2\/product"}],"about":[{"href":"https:\/\/mantuglobal.com\/et\/wp-json\/wp\/v2\/types\/product"}],"replies":[{"embeddable":true,"href":"https:\/\/mantuglobal.com\/et\/wp-json\/wp\/v2\/comments?post=29187"}],"version-history":[{"count":0,"href":"https:\/\/mantuglobal.com\/et\/wp-json\/wp\/v2\/product\/29187\/revisions"}],"wp:featuredmedia":[{"embeddable":true,"href":"https:\/\/mantuglobal.com\/et\/wp-json\/wp\/v2\/media\/29155"}],"wp:attachment":[{"href":"https:\/\/mantuglobal.com\/et\/wp-json\/wp\/v2\/media?parent=29187"}],"wp:term":[{"taxonomy":"product_brand","embeddable":true,"href":"https:\/\/mantuglobal.com\/et\/wp-json\/wp\/v2\/product_brand?post=29187"},{"taxonomy":"product_cat","embeddable":true,"href":"https:\/\/mantuglobal.com\/et\/wp-json\/wp\/v2\/product_cat?post=29187"},{"taxonomy":"product_tag","embeddable":true,"href":"https:\/\/mantuglobal.com\/et\/wp-json\/wp\/v2\/product_tag?post=29187"}],"curies":[{"name":"wp","href":"https:\/\/api.w.org\/{rel}","templated":true}]}}