{"id":29830,"date":"2026-04-24T14:46:58","date_gmt":"2026-04-24T06:46:58","guid":{"rendered":"https:\/\/mantuglobal.com\/product\/taijitang-taijitang-recombinant-collagen-dressing-%e9%87%8d%e7%bb%84%e8%83%b6%e5%8e%9f%e8%9b%8b%e7%99%bd%e6%95%b7%e6%96%99%e7%9b%8a%e7%94%9f%e8%8f%8c%e5%8f%91%e9%85%b5%e5%8f%a3%e6%9c%8d%e6%b6%b2\/"},"modified":"2026-04-27T09:37:12","modified_gmt":"2026-04-27T01:37:12","slug":"taijitang-taijitang-recombinant-collagen-dressing-%e9%87%8d%e7%bb%84%e8%83%b6%e5%8e%9f%e8%9b%8b%e7%99%bd%e6%95%b7%e6%96%99%e7%9b%8a%e7%94%9f%e8%8f%8c%e5%8f%91%e9%85%b5%e5%8f%a3%e6%9c%8d%e6%b6%b2","status":"publish","type":"product","link":"https:\/\/mantuglobal.com\/eo\/product\/taijitang-taijitang-recombinant-collagen-dressing-%e9%87%8d%e7%bb%84%e8%83%b6%e5%8e%9f%e8%9b%8b%e7%99%bd%e6%95%b7%e6%96%99%e7%9b%8a%e7%94%9f%e8%8f%8c%e5%8f%91%e9%85%b5%e5%8f%a3%e6%9c%8d%e6%b6%b2\/","title":{"rendered":"Taijitang Rekombina Kolagena Vestado - Profesia Ha\u016dta Riparo"},"content":{"rendered":"<p><strong>Produkta Nomo:<\/strong> Taj\u011ditanga Rekombina Kolagena Pansa\u0135o<\/p>\n<p><strong>Marko:<\/strong> Taj\u011ditango (TAJITANG)<\/p>\n<p><strong>Specifo:<\/strong> 30 ml<\/p>\n<p><strong>Pozicio:<\/strong> Profesia Ha\u016dta Riparo<\/p>\n<hr>\n<p><strong>\u015closilaj Vendpunktoj:<\/strong><\/p>\n<ul>\n<li><strong>Bioteknologio:<\/strong> Produktita per sinteza biologia teknologio kun in\u011denieritaj E. coli \/ Pichia pastoris \u0109eloj<\/li>\n<li><strong>Ha\u016dta Riparo:<\/strong> Stimulas \u0109elan proliferadon kaj migradon, akcelante difektitan histan riparon<\/li>\n<li><strong>Plibonigo de Baro:<\/strong> Plenigas inter\u0109elajn spacojn en stratum corneum, plifortigante la ha\u016dtan barierfunkcion<\/li>\n<li><strong>Kontra\u016dmaljuni\u011do kaj Blankigado:<\/strong> Antioksidaj propra\u0135oj reduktas fajnajn liniojn kaj sulkojn, heligas ha\u016dtnuancon<\/li>\n<\/ul>\n<hr>\n<p><strong>Celita Publiko:<\/strong> Tiuj, kiuj bezonas riparon post laseraj traktadoj; individuoj kun difektitaj ha\u016dtaj baroj; tiuj, kiuj ser\u0109as kontra\u016d-maljuni\u011dantan ha\u016dtzorgon; post-estetika proceduro prizorgado.<\/p>\n<hr>\n<p><strong>Produkta Priskribo:<\/strong> Profesi-grada ha\u016dtflega produkto utiliganta altnivelan sintezan biologian teknologion. Produktita per in\u011denieritaj \u0109eloj de E. coli a\u016d Pichia pastoris, \u0109i tiu rekombina kolageno stimulas proliferadon kaj migradon de ha\u016dtaj \u0109eloj, akcelas vundan resanigon kaj plifortigas la ha\u016dtan barieron plenigante inter\u0109elajn spacojn. Kun plifortigitaj antioksidantaj proprietoj por ha\u016dta heligado kaj superaj hemostataj kapabloj, \u0109i tiu pansa\u0135o estas ideala por postlasera kuracado, bariero-riparo kaj kontra\u016d-maljuni\u011dantaj ha\u016dtprizorgaj re\u011dimoj.<\/p>\n<p><strong>Ingrediencoj:<\/strong> Rekombina kolageno, natria klorido, natria dihidrogena fosfato, glicerino, purigita akvo, fenoksietanolo<\/p>\n<p><em>R&amp;D: \u015candongo-Akademio de Vivsciencoj<\/em><\/p>","protected":false},"excerpt":{"rendered":"<p>Sinteza Biologio Teknologio | \u0108ela Proliferado &amp; Ha\u016dta Bariera Riparo | Kontra\u016dmaljuni\u011do &amp; Blankigado | 30 ml<\/p>","protected":false},"featured_media":29818,"comment_status":"open","ping_status":"closed","template":"","meta":{"_acf_changed":false},"product_brand":[],"product_cat":[839],"product_tag":[851],"class_list":{"0":"post-29830","1":"product","2":"type-product","3":"status-publish","4":"has-post-thumbnail","6":"product_cat-functional-food-food-beverages","7":"product_tag-collagenskin-repairanti-agingbiotechnologyskincarewound-healingbarrier-repair","9":"first","10":"instock","11":"shipping-taxable","12":"purchasable","13":"product-type-simple"},"acf":[],"_links":{"self":[{"href":"https:\/\/mantuglobal.com\/eo\/wp-json\/wp\/v2\/product\/29830","targetHints":{"allow":["GET"]}}],"collection":[{"href":"https:\/\/mantuglobal.com\/eo\/wp-json\/wp\/v2\/product"}],"about":[{"href":"https:\/\/mantuglobal.com\/eo\/wp-json\/wp\/v2\/types\/product"}],"replies":[{"embeddable":true,"href":"https:\/\/mantuglobal.com\/eo\/wp-json\/wp\/v2\/comments?post=29830"}],"version-history":[{"count":2,"href":"https:\/\/mantuglobal.com\/eo\/wp-json\/wp\/v2\/product\/29830\/revisions"}],"predecessor-version":[{"id":29855,"href":"https:\/\/mantuglobal.com\/eo\/wp-json\/wp\/v2\/product\/29830\/revisions\/29855"}],"wp:featuredmedia":[{"embeddable":true,"href":"https:\/\/mantuglobal.com\/eo\/wp-json\/wp\/v2\/media\/29818"}],"wp:attachment":[{"href":"https:\/\/mantuglobal.com\/eo\/wp-json\/wp\/v2\/media?parent=29830"}],"wp:term":[{"taxonomy":"product_brand","embeddable":true,"href":"https:\/\/mantuglobal.com\/eo\/wp-json\/wp\/v2\/product_brand?post=29830"},{"taxonomy":"product_cat","embeddable":true,"href":"https:\/\/mantuglobal.com\/eo\/wp-json\/wp\/v2\/product_cat?post=29830"},{"taxonomy":"product_tag","embeddable":true,"href":"https:\/\/mantuglobal.com\/eo\/wp-json\/wp\/v2\/product_tag?post=29830"}],"curies":[{"name":"wp","href":"https:\/\/api.w.org\/{rel}","templated":true}]}}