{"id":31370,"date":"2026-05-07T10:03:43","date_gmt":"2026-05-07T02:03:43","guid":{"rendered":"https:\/\/mantuglobal.com\/product\/mcquay-4-pipe-air-cooled-chiller-heat-pump-mhs-qv3-sqv3-sq3-series\/"},"modified":"2026-05-07T10:03:43","modified_gmt":"2026-05-07T02:03:43","slug":"mcquay-4-pipe-air-cooled-chiller-heat-pump-mhs-qv3-sqv3-sq3-series","status":"publish","type":"product","link":"https:\/\/mantuglobal.com\/cs\/product\/mcquay-4-pipe-air-cooled-chiller-heat-pump-mhs-qv3-sqv3-sq3-series\/","title":{"rendered":"McQuay 4-trubkov\u00fd vzduchem chlazen\u00fd chladi\u010d a tepeln\u00e9 \u010derpadlo \u0159ady MHS-QV3\/SQV3\/SQ3"},"content":{"rendered":"<p><strong>McQuay 4-trubkov\u00fd vzduchem chlazen\u00fd chladi\u010d a tepeln\u00e9 \u010derpadlo \u0159ady MHS<\/strong><\/p>\n<p>V\u0161estrann\u00fd \u010dty\u0159trubkov\u00fd syst\u00e9m zaji\u0161\u0165uj\u00edc\u00ed sou\u010dasn\u00e9 chlazen\u00ed a vyt\u00e1p\u011bn\u00ed. V\u00edce modelov\u00fdch \u0159ad: MHS-QV3\/SQV3 (VFD) a MHS-SQ3 (pevn\u00e1 rychlost).<\/p>\n<p><strong>Modelov\u00e1 \u0159ada:<\/strong> MHS105~175QV3, MHS190~450SQV3, MHS090~425SQ3<\/p>\n<table>\n<tr>\n<td>Chladic\u00ed kapacita<\/td>\n<td>316 ~ 1 555 kW<\/td>\n<\/tr>\n<tr>\n<td>Topn\u00fd v\u00fdkon<\/td>\n<td>340 ~ 1 552 kW<\/td>\n<\/tr>\n<tr>\n<td>Chladivo<\/td>\n<td>R134a<\/td>\n<\/tr>\n<\/table>\n<p><strong>Kl\u00ed\u010dov\u00e9 vlastnosti:<\/strong> \u010cty\u0159trubkov\u00e9 proveden\u00ed pro sou\u010dasn\u00e9 chlazen\u00ed\/topen\u00ed | Modely VFD (QV3\/SQV3) pro energetickou \u00fa\u010dinnost | \u0160irok\u00fd rozsah v\u00fdkonu 316-1555kW | Chladivo R134a | Ide\u00e1ln\u00ed pro budovy s r\u016fzn\u00fdmi profily zat\u00ed\u017een\u00ed<\/p>\n<p><strong>Aplikace:<\/strong> Komer\u010dn\u00ed budovy, hotely, nemocnice, n\u00e1kupn\u00ed centra, pr\u016fmyslov\u00e1 za\u0159\u00edzen\u00ed<\/p>\n<p><strong>Zna\u010dka:<\/strong> McQuay | Velk\u00e9 komer\u010dn\u00ed HVAC<\/p>","protected":false},"excerpt":{"rendered":"<p>\u010cty\u0159trubkov\u00fd vzduchem chlazen\u00fd chladi\u010d a tepeln\u00e9 \u010derpadlo. Chlazen\u00ed: 316-1555kW, Topen\u00ed: 340-1552kW. VFD a modely s pevnou rychlost\u00ed. R134a. Sou\u010dasn\u00e9 chlazen\u00ed a vyt\u00e1p\u011bn\u00ed.<\/p>","protected":false},"featured_media":31362,"comment_status":"closed","ping_status":"closed","template":"","meta":{"_acf_changed":false},"product_brand":[971],"product_cat":[970],"product_tag":[],"class_list":{"0":"post-31370","1":"product","2":"type-product","3":"status-publish","4":"has-post-thumbnail","6":"product_brand-mcquay","7":"product_cat-commercial-air-conditioners","9":"first","10":"instock","11":"shipping-taxable","12":"product-type-simple"},"acf":[],"_links":{"self":[{"href":"https:\/\/mantuglobal.com\/cs\/wp-json\/wp\/v2\/product\/31370","targetHints":{"allow":["GET"]}}],"collection":[{"href":"https:\/\/mantuglobal.com\/cs\/wp-json\/wp\/v2\/product"}],"about":[{"href":"https:\/\/mantuglobal.com\/cs\/wp-json\/wp\/v2\/types\/product"}],"replies":[{"embeddable":true,"href":"https:\/\/mantuglobal.com\/cs\/wp-json\/wp\/v2\/comments?post=31370"}],"version-history":[{"count":0,"href":"https:\/\/mantuglobal.com\/cs\/wp-json\/wp\/v2\/product\/31370\/revisions"}],"wp:featuredmedia":[{"embeddable":true,"href":"https:\/\/mantuglobal.com\/cs\/wp-json\/wp\/v2\/media\/31362"}],"wp:attachment":[{"href":"https:\/\/mantuglobal.com\/cs\/wp-json\/wp\/v2\/media?parent=31370"}],"wp:term":[{"taxonomy":"product_brand","embeddable":true,"href":"https:\/\/mantuglobal.com\/cs\/wp-json\/wp\/v2\/product_brand?post=31370"},{"taxonomy":"product_cat","embeddable":true,"href":"https:\/\/mantuglobal.com\/cs\/wp-json\/wp\/v2\/product_cat?post=31370"},{"taxonomy":"product_tag","embeddable":true,"href":"https:\/\/mantuglobal.com\/cs\/wp-json\/wp\/v2\/product_tag?post=31370"}],"curies":[{"name":"wp","href":"https:\/\/api.w.org\/{rel}","templated":true}]}}