{"id":30775,"date":"2026-04-28T10:56:24","date_gmt":"2026-04-28T02:56:24","guid":{"rendered":"https:\/\/mantuglobal.com\/product\/superfire-l3-professional-light\/"},"modified":"2026-04-28T11:07:50","modified_gmt":"2026-04-28T03:07:50","slug":"superfire-l3-professional-light","status":"publish","type":"product","link":"https:\/\/mantuglobal.com\/cs\/product\/superfire-l3-professional-light\/","title":{"rendered":"Profesion\u00e1ln\u00ed sv\u00edtilna SUPERFIRE L3 High Power"},"content":{"rendered":"<h3>Kl\u00ed\u010dov\u00e9 vlastnosti<\/h3>\n<ul>\n<li>36W vysoce v\u00fdkonn\u00e1 LED<\/li>\n<li>Odvod tepla ze \u017eralo\u010d\u00edch ploutv\u00ed<\/li>\n<li>Baterie 2\u00d718650\/26650<\/li>\n<li>IP44-IP46 vodot\u011bsn\u00e9<\/li>\n<li>SUPERFIRE \u2013 Profesion\u00e1ln\u00ed \u0159e\u0161en\u00ed osv\u011btlen\u00ed<br \/>\nKatalog produkt\u016f 2024<\/li>\n<\/ul>\n<h3>Specifikace<\/h3>\n<table>\n<tr>\n<th>Specifikace<\/th>\n<th>Hodnota<\/th>\n<\/tr>\n<tr>\n<td>Moc<\/td>\n<td>36W<\/td>\n<\/tr>\n<tr>\n<td>Baterie<\/td>\n<td>2\u00d726650\/3700mAh<\/td>\n<\/tr>\n<tr>\n<td>Rozm\u011bry<\/td>\n<td>63*36*239-241mm<\/td>\n<\/tr>\n<tr>\n<td>Re\u017eimy<\/td>\n<td>N\u00edzk\u00fd-St\u0159edn\u00ed-Vysok\u00fd-Strobe-SOS<\/td>\n<\/tr>\n<tr>\n<td>Vzd\u00e1lenost paprsku<\/td>\n<td>390-400m<\/td>\n<\/tr>\n<tr>\n<td>Doba b\u011bhu<\/td>\n<td>~3-3,5H<\/td>\n<\/tr>\n<\/table>\n<p>Zna\u010dka: <strong>SUPERFIRE<\/strong> \u2014 Profesion\u00e1ln\u00ed \u0159e\u0161en\u00ed osv\u011btlen\u00ed<\/p>","protected":false},"excerpt":{"rendered":"<p>36W vysoce v\u00fdkonn\u00e1 LED | Odvod tepla \u017eralo\u010d\u00ed ploutv\u00ed | 2\u00d718650\/26650 baterie | IP44-IP46 vodot\u011bsn\u00fd | SUPERFIRE \u2013 Profesion\u00e1ln\u00ed \u0159e\u0161en\u00ed osv\u011btlen\u00ed<br \/>\nKatalog produkt\u016f 2024<\/p>","protected":false},"featured_media":30409,"comment_status":"open","ping_status":"closed","template":"","meta":{"_acf_changed":false},"product_brand":[],"product_cat":[739],"product_tag":[649,885],"class_list":{"0":"post-30775","1":"product","2":"type-product","3":"status-publish","4":"has-post-thumbnail","6":"product_cat-flashlights-torches-2","7":"product_tag-flashlight","8":"product_tag-superfire","10":"first","11":"instock","12":"shipping-taxable","13":"product-type-simple"},"acf":[],"_links":{"self":[{"href":"https:\/\/mantuglobal.com\/cs\/wp-json\/wp\/v2\/product\/30775","targetHints":{"allow":["GET"]}}],"collection":[{"href":"https:\/\/mantuglobal.com\/cs\/wp-json\/wp\/v2\/product"}],"about":[{"href":"https:\/\/mantuglobal.com\/cs\/wp-json\/wp\/v2\/types\/product"}],"replies":[{"embeddable":true,"href":"https:\/\/mantuglobal.com\/cs\/wp-json\/wp\/v2\/comments?post=30775"}],"version-history":[{"count":1,"href":"https:\/\/mantuglobal.com\/cs\/wp-json\/wp\/v2\/product\/30775\/revisions"}],"predecessor-version":[{"id":30901,"href":"https:\/\/mantuglobal.com\/cs\/wp-json\/wp\/v2\/product\/30775\/revisions\/30901"}],"wp:featuredmedia":[{"embeddable":true,"href":"https:\/\/mantuglobal.com\/cs\/wp-json\/wp\/v2\/media\/30409"}],"wp:attachment":[{"href":"https:\/\/mantuglobal.com\/cs\/wp-json\/wp\/v2\/media?parent=30775"}],"wp:term":[{"taxonomy":"product_brand","embeddable":true,"href":"https:\/\/mantuglobal.com\/cs\/wp-json\/wp\/v2\/product_brand?post=30775"},{"taxonomy":"product_cat","embeddable":true,"href":"https:\/\/mantuglobal.com\/cs\/wp-json\/wp\/v2\/product_cat?post=30775"},{"taxonomy":"product_tag","embeddable":true,"href":"https:\/\/mantuglobal.com\/cs\/wp-json\/wp\/v2\/product_tag?post=30775"}],"curies":[{"name":"wp","href":"https:\/\/api.w.org\/{rel}","templated":true}]}}