{"id":30765,"date":"2026-04-28T10:56:23","date_gmt":"2026-04-28T02:56:23","guid":{"rendered":"https:\/\/mantuglobal.com\/product\/superfire-hl75-a-motion-sensor-compact-light\/"},"modified":"2026-04-28T11:07:49","modified_gmt":"2026-04-28T03:07:49","slug":"superfire-hl75-a-motion-sensor-compact-light","status":"publish","type":"product","link":"https:\/\/mantuglobal.com\/cs\/product\/superfire-hl75-a-motion-sensor-compact-light\/","title":{"rendered":"Kompaktn\u00ed \u010delovka SUPERFIRE HL75-A s pohybov\u00fdm senzorem"},"content":{"rendered":"<h3>Kl\u00ed\u010dov\u00e9 vlastnosti<\/h3>\n<ul>\n<li>P\u0159\u00edjemn\u00e9 na no\u0161en\u00ed<\/li>\n<li>Kompaktn\u00ed a lehk\u00fd<\/li>\n<li>Ovl\u00e1d\u00e1n\u00ed vlnov\u00fdm senzorem<\/li>\n<li>Patentovan\u00fd design vzhledu<\/li>\n<li>SUPERFIRE \u2013 Profesion\u00e1ln\u00ed \u0159e\u0161en\u00ed osv\u011btlen\u00ed<br \/>\nKatalog produkt\u016f 2024<\/li>\n<\/ul>\n<h3>Specifikace<\/h3>\n<table>\n<tr>\n<th>Specifikace<\/th>\n<th>Hodnota<\/th>\n<\/tr>\n<tr>\n<td>Moc<\/td>\n<td>2-5W<\/td>\n<\/tr>\n<tr>\n<td>Baterie<\/td>\n<td>1600-2000 mAh<\/td>\n<\/tr>\n<tr>\n<td>Rozm\u011bry<\/td>\n<td>62*38*36mm<\/td>\n<\/tr>\n<tr>\n<td>Re\u017eimy<\/td>\n<td>High-Med-Low-Strobe-SOS\/Red\/Red stroboskop<\/td>\n<\/tr>\n<tr>\n<td>Vzd\u00e1lenost paprsku<\/td>\n<td>120 m<\/td>\n<\/tr>\n<tr>\n<td>Doba b\u011bhu<\/td>\n<td>~5-7H<\/td>\n<\/tr>\n<\/table>\n<p>Zna\u010dka: <strong>SUPERFIRE<\/strong> \u2014 Profesion\u00e1ln\u00ed \u0159e\u0161en\u00ed osv\u011btlen\u00ed<\/p>","protected":false},"excerpt":{"rendered":"<p>P\u0159\u00edjemn\u00e9 na no\u0161en\u00ed | Kompaktn\u00ed a lehk\u00fd | Ovl\u00e1d\u00e1n\u00ed vlnov\u00fdm senzorem | Patentovan\u00fd design vzhledu | SUPERFIRE \u2013 Profesion\u00e1ln\u00ed \u0159e\u0161en\u00ed osv\u011btlen\u00ed<br \/>\nKatalog produkt\u016f 2024<\/p>","protected":false},"featured_media":30399,"comment_status":"open","ping_status":"closed","template":"","meta":{"_acf_changed":false},"product_brand":[],"product_cat":[858],"product_tag":[907,885],"class_list":{"0":"post-30765","1":"product","2":"type-product","3":"status-publish","4":"has-post-thumbnail","6":"product_cat-led-work-lights","7":"product_tag-headlamp","8":"product_tag-superfire","10":"first","11":"instock","12":"shipping-taxable","13":"product-type-simple"},"acf":[],"_links":{"self":[{"href":"https:\/\/mantuglobal.com\/cs\/wp-json\/wp\/v2\/product\/30765","targetHints":{"allow":["GET"]}}],"collection":[{"href":"https:\/\/mantuglobal.com\/cs\/wp-json\/wp\/v2\/product"}],"about":[{"href":"https:\/\/mantuglobal.com\/cs\/wp-json\/wp\/v2\/types\/product"}],"replies":[{"embeddable":true,"href":"https:\/\/mantuglobal.com\/cs\/wp-json\/wp\/v2\/comments?post=30765"}],"version-history":[{"count":1,"href":"https:\/\/mantuglobal.com\/cs\/wp-json\/wp\/v2\/product\/30765\/revisions"}],"predecessor-version":[{"id":30891,"href":"https:\/\/mantuglobal.com\/cs\/wp-json\/wp\/v2\/product\/30765\/revisions\/30891"}],"wp:featuredmedia":[{"embeddable":true,"href":"https:\/\/mantuglobal.com\/cs\/wp-json\/wp\/v2\/media\/30399"}],"wp:attachment":[{"href":"https:\/\/mantuglobal.com\/cs\/wp-json\/wp\/v2\/media?parent=30765"}],"wp:term":[{"taxonomy":"product_brand","embeddable":true,"href":"https:\/\/mantuglobal.com\/cs\/wp-json\/wp\/v2\/product_brand?post=30765"},{"taxonomy":"product_cat","embeddable":true,"href":"https:\/\/mantuglobal.com\/cs\/wp-json\/wp\/v2\/product_cat?post=30765"},{"taxonomy":"product_tag","embeddable":true,"href":"https:\/\/mantuglobal.com\/cs\/wp-json\/wp\/v2\/product_tag?post=30765"}],"curies":[{"name":"wp","href":"https:\/\/api.w.org\/{rel}","templated":true}]}}