{"id":30737,"date":"2026-04-28T10:56:17","date_gmt":"2026-04-28T02:56:17","guid":{"rendered":"https:\/\/mantuglobal.com\/product\/superfire-fs9-professional-light\/"},"modified":"2026-04-28T11:07:18","modified_gmt":"2026-04-28T03:07:18","slug":"superfire-fs9-professional-light","status":"publish","type":"product","link":"https:\/\/mantuglobal.com\/cs\/product\/superfire-fs9-professional-light\/","title":{"rendered":"Profesion\u00e1ln\u00ed teleskopick\u00e1 pracovn\u00ed sv\u00edtilna SUPERFIRE FS9"},"content":{"rendered":"<h3>Kl\u00ed\u010dov\u00e9 vlastnosti<\/h3>\n<ul>\n<li>Vysok\u00fd jas<\/li>\n<li>Ultra dlouh\u00e1 v\u00fddr\u017e<\/li>\n<li>Bodov\u00e9 dvojit\u00e9 sv\u011btlo<\/li>\n<li>Siln\u00e1 vod\u011bodoln\u00e1<\/li>\n<li>Lze nosit na z\u00e1dech nebo ramenn\u00edm popruhu<\/li>\n<li>LCD displej<\/li>\n<li>Funkce powerbanky<\/li>\n<li>SUPERFIRE \u2013 Profesion\u00e1ln\u00ed \u0159e\u0161en\u00ed osv\u011btlen\u00ed<br \/>\nKatalog produkt\u016f 2024<\/li>\n<\/ul>\n<h3>Specifikace<\/h3>\n<table>\n<tr>\n<th>Specifikace<\/th>\n<th>Hodnota<\/th>\n<\/tr>\n<tr>\n<td>Moc<\/td>\n<td>50W<\/td>\n<\/tr>\n<tr>\n<td>Baterie<\/td>\n<td>10Ah<\/td>\n<\/tr>\n<tr>\n<td>Rozm\u011bry<\/td>\n<td>500*150*170mm<\/td>\n<\/tr>\n<tr>\n<td>Re\u017eimy<\/td>\n<td>Povode\u0148 \/ Spot \/ Spot+Povode\u0148, \u010derveno-modr\u00e9 varov\u00e1n\u00ed<\/td>\n<\/tr>\n<tr>\n<td>Doba b\u011bhu<\/td>\n<td>10-16H<\/td>\n<\/tr>\n<tr>\n<td>Ochrana<\/td>\n<td>IP66<\/td>\n<\/tr>\n<\/table>\n<p>Zna\u010dka: <strong>SUPERFIRE<\/strong> \u2014 Profesion\u00e1ln\u00ed \u0159e\u0161en\u00ed osv\u011btlen\u00ed<\/p>","protected":false},"excerpt":{"rendered":"<p>Vysok\u00fd jas | Ultra dlouh\u00e1 v\u00fddr\u017e | Bodov\u00e9 dvojit\u00e9 sv\u011btlo | Siln\u00fd vod\u011bodoln\u00fd | Lze nosit na z\u00e1dech nebo ramenn\u00edm popruhu<\/p>","protected":false},"featured_media":30363,"comment_status":"open","ping_status":"closed","template":"","meta":{"_acf_changed":false},"product_brand":[],"product_cat":[858],"product_tag":[885,905],"class_list":{"0":"post-30737","1":"product","2":"type-product","3":"status-publish","4":"has-post-thumbnail","6":"product_cat-led-work-lights","7":"product_tag-superfire","8":"product_tag-work-light","10":"first","11":"instock","12":"shipping-taxable","13":"product-type-simple"},"acf":[],"_links":{"self":[{"href":"https:\/\/mantuglobal.com\/cs\/wp-json\/wp\/v2\/product\/30737","targetHints":{"allow":["GET"]}}],"collection":[{"href":"https:\/\/mantuglobal.com\/cs\/wp-json\/wp\/v2\/product"}],"about":[{"href":"https:\/\/mantuglobal.com\/cs\/wp-json\/wp\/v2\/types\/product"}],"replies":[{"embeddable":true,"href":"https:\/\/mantuglobal.com\/cs\/wp-json\/wp\/v2\/comments?post=30737"}],"version-history":[{"count":1,"href":"https:\/\/mantuglobal.com\/cs\/wp-json\/wp\/v2\/product\/30737\/revisions"}],"predecessor-version":[{"id":30863,"href":"https:\/\/mantuglobal.com\/cs\/wp-json\/wp\/v2\/product\/30737\/revisions\/30863"}],"wp:featuredmedia":[{"embeddable":true,"href":"https:\/\/mantuglobal.com\/cs\/wp-json\/wp\/v2\/media\/30363"}],"wp:attachment":[{"href":"https:\/\/mantuglobal.com\/cs\/wp-json\/wp\/v2\/media?parent=30737"}],"wp:term":[{"taxonomy":"product_brand","embeddable":true,"href":"https:\/\/mantuglobal.com\/cs\/wp-json\/wp\/v2\/product_brand?post=30737"},{"taxonomy":"product_cat","embeddable":true,"href":"https:\/\/mantuglobal.com\/cs\/wp-json\/wp\/v2\/product_cat?post=30737"},{"taxonomy":"product_tag","embeddable":true,"href":"https:\/\/mantuglobal.com\/cs\/wp-json\/wp\/v2\/product_tag?post=30737"}],"curies":[{"name":"wp","href":"https:\/\/api.w.org\/{rel}","templated":true}]}}