{"id":30736,"date":"2026-04-28T10:56:16","date_gmt":"2026-04-28T02:56:16","guid":{"rendered":"https:\/\/mantuglobal.com\/product\/superfire-fs7-usb-rechargeable-professional-light\/"},"modified":"2026-04-28T11:07:18","modified_gmt":"2026-04-28T03:07:18","slug":"superfire-fs7-usb-rechargeable-professional-light","status":"publish","type":"product","link":"https:\/\/mantuglobal.com\/cs\/product\/superfire-fs7-usb-rechargeable-professional-light\/","title":{"rendered":"Profesion\u00e1ln\u00ed dob\u00edjec\u00ed pracovn\u00ed sv\u011btlo SUPERFIRE FS7 USB"},"content":{"rendered":"<h3>Kl\u00ed\u010dov\u00e9 vlastnosti<\/h3>\n<ul>\n<li>Zdarma v\u00fdsuvn\u00e1 oto\u010dn\u00e1 hlava lampy<\/li>\n<li>Zdroj s vysok\u00fdm jasem (13200LM)<\/li>\n<li>V\u00edce re\u017eim\u016f sv\u00edcen\u00ed<\/li>\n<li>Provoz d\u00e1lkov\u00e9ho ovl\u00e1d\u00e1n\u00ed<\/li>\n<li>OLED displej<\/li>\n<li>Bluetooth audio podpora (MP3, USB, p\u00e1rov\u00e1n\u00ed telefonu)<\/li>\n<li>Integrovan\u00fd ovl\u00e1dac\u00ed panel<\/li>\n<li>SUPERFIRE \u2013 Profesion\u00e1ln\u00ed \u0159e\u0161en\u00ed osv\u011btlen\u00ed<br \/>\nKatalog produkt\u016f 2024<\/li>\n<\/ul>\n<h3>Specifikace<\/h3>\n<table>\n<tr>\n<th>Specifikace<\/th>\n<th>Hodnota<\/th>\n<\/tr>\n<tr>\n<td>Moc<\/td>\n<td>120W<\/td>\n<\/tr>\n<tr>\n<td>Baterie<\/td>\n<td>34Ah<\/td>\n<\/tr>\n<tr>\n<td>Rozm\u011bry<\/td>\n<td>Zasunuto: D645x\u0160370xV210(+-50)mm \/ Vysunuto: L645x\u0160370xH1860(+-50)mm<\/td>\n<\/tr>\n<tr>\n<td>Re\u017eimy<\/td>\n<td>Spot+Flood \/ Spot \/ Flood, \u010cerveno-\u017elut\u00e9 \/ \u010cerveno-modr\u00e9 varov\u00e1n\u00ed<\/td>\n<\/tr>\n<tr>\n<td>Nab\u00edjen\u00ed<\/td>\n<td><8H<\/td>\n<\/tr>\n<tr>\n<td>Doba b\u011bhu<\/td>\n<td>8-20H<\/td>\n<\/tr>\n<tr>\n<td>Jas<\/td>\n<td>13200 LM<\/td>\n<\/tr>\n<tr>\n<td>Nap\u011bt\u00ed<\/td>\n<td>DC21.6<\/td>\n<\/tr>\n<tr>\n<td>Ochrana<\/td>\n<td>Hlava IP66 \/ t\u011blo IP65<\/td>\n<\/tr>\n<\/table>\n<p>Zna\u010dka: <strong>SUPERFIRE<\/strong> \u2014 Profesion\u00e1ln\u00ed \u0159e\u0161en\u00ed osv\u011btlen\u00ed<\/p>","protected":false},"excerpt":{"rendered":"<p>Zdarma v\u00fdsuvn\u00e1 oto\u010dn\u00e1 hlava lampy | Zdroj vysok\u00e9ho jasu (13200LM) | V\u00edce re\u017eim\u016f sv\u00edcen\u00ed | D\u00e1lkov\u00e9 ovl\u00e1d\u00e1n\u00ed | OLED displej<\/p>","protected":false},"featured_media":30362,"comment_status":"open","ping_status":"closed","template":"","meta":{"_acf_changed":false},"product_brand":[],"product_cat":[858],"product_tag":[885,905],"class_list":{"0":"post-30736","1":"product","2":"type-product","3":"status-publish","4":"has-post-thumbnail","6":"product_cat-led-work-lights","7":"product_tag-superfire","8":"product_tag-work-light","10":"first","11":"instock","12":"shipping-taxable","13":"product-type-simple"},"acf":[],"_links":{"self":[{"href":"https:\/\/mantuglobal.com\/cs\/wp-json\/wp\/v2\/product\/30736","targetHints":{"allow":["GET"]}}],"collection":[{"href":"https:\/\/mantuglobal.com\/cs\/wp-json\/wp\/v2\/product"}],"about":[{"href":"https:\/\/mantuglobal.com\/cs\/wp-json\/wp\/v2\/types\/product"}],"replies":[{"embeddable":true,"href":"https:\/\/mantuglobal.com\/cs\/wp-json\/wp\/v2\/comments?post=30736"}],"version-history":[{"count":1,"href":"https:\/\/mantuglobal.com\/cs\/wp-json\/wp\/v2\/product\/30736\/revisions"}],"predecessor-version":[{"id":30862,"href":"https:\/\/mantuglobal.com\/cs\/wp-json\/wp\/v2\/product\/30736\/revisions\/30862"}],"wp:featuredmedia":[{"embeddable":true,"href":"https:\/\/mantuglobal.com\/cs\/wp-json\/wp\/v2\/media\/30362"}],"wp:attachment":[{"href":"https:\/\/mantuglobal.com\/cs\/wp-json\/wp\/v2\/media?parent=30736"}],"wp:term":[{"taxonomy":"product_brand","embeddable":true,"href":"https:\/\/mantuglobal.com\/cs\/wp-json\/wp\/v2\/product_brand?post=30736"},{"taxonomy":"product_cat","embeddable":true,"href":"https:\/\/mantuglobal.com\/cs\/wp-json\/wp\/v2\/product_cat?post=30736"},{"taxonomy":"product_tag","embeddable":true,"href":"https:\/\/mantuglobal.com\/cs\/wp-json\/wp\/v2\/product_tag?post=30736"}],"curies":[{"name":"wp","href":"https:\/\/api.w.org\/{rel}","templated":true}]}}