{"id":29493,"date":"2026-04-17T14:41:06","date_gmt":"2026-04-17T06:41:06","guid":{"rendered":"https:\/\/mantuglobal.com\/product\/drum-solid-liquid-separator\/"},"modified":"2026-04-17T14:41:06","modified_gmt":"2026-04-17T06:41:06","slug":"drum-solid-liquid-separator","status":"publish","type":"product","link":"https:\/\/mantuglobal.com\/cs\/product\/drum-solid-liquid-separator\/","title":{"rendered":"Bubnov\u00fd separ\u00e1tor pevn\u00fdch l\u00e1tek a kapalin"},"content":{"rendered":"","protected":false},"excerpt":{"rendered":"","protected":false},"featured_media":29467,"comment_status":"open","ping_status":"closed","template":"","meta":{"_acf_changed":false},"product_brand":[],"product_cat":[835],"product_tag":[],"class_list":{"0":"post-29493","1":"product","2":"type-product","3":"status-publish","4":"has-post-thumbnail","6":"product_cat-wastewater-treatment-equipment","8":"first","9":"instock","10":"shipping-taxable","11":"purchasable","12":"product-type-simple"},"acf":[],"_links":{"self":[{"href":"https:\/\/mantuglobal.com\/cs\/wp-json\/wp\/v2\/product\/29493","targetHints":{"allow":["GET"]}}],"collection":[{"href":"https:\/\/mantuglobal.com\/cs\/wp-json\/wp\/v2\/product"}],"about":[{"href":"https:\/\/mantuglobal.com\/cs\/wp-json\/wp\/v2\/types\/product"}],"replies":[{"embeddable":true,"href":"https:\/\/mantuglobal.com\/cs\/wp-json\/wp\/v2\/comments?post=29493"}],"version-history":[{"count":0,"href":"https:\/\/mantuglobal.com\/cs\/wp-json\/wp\/v2\/product\/29493\/revisions"}],"wp:featuredmedia":[{"embeddable":true,"href":"https:\/\/mantuglobal.com\/cs\/wp-json\/wp\/v2\/media\/29467"}],"wp:attachment":[{"href":"https:\/\/mantuglobal.com\/cs\/wp-json\/wp\/v2\/media?parent=29493"}],"wp:term":[{"taxonomy":"product_brand","embeddable":true,"href":"https:\/\/mantuglobal.com\/cs\/wp-json\/wp\/v2\/product_brand?post=29493"},{"taxonomy":"product_cat","embeddable":true,"href":"https:\/\/mantuglobal.com\/cs\/wp-json\/wp\/v2\/product_cat?post=29493"},{"taxonomy":"product_tag","embeddable":true,"href":"https:\/\/mantuglobal.com\/cs\/wp-json\/wp\/v2\/product_tag?post=29493"}],"curies":[{"name":"wp","href":"https:\/\/api.w.org\/{rel}","templated":true}]}}