{"id":29326,"date":"2026-04-17T01:59:47","date_gmt":"2026-04-17T01:59:47","guid":{"rendered":"https:\/\/mantuglobal.com\/product\/oral-antibacterial-mouthwash-medical-grade-oral-care-disinfectant\/"},"modified":"2026-04-17T01:59:47","modified_gmt":"2026-04-17T01:59:47","slug":"oral-antibacterial-mouthwash-medical-grade-oral-care-disinfectant","status":"publish","type":"product","link":"https:\/\/mantuglobal.com\/cs\/product\/oral-antibacterial-mouthwash-medical-grade-oral-care-disinfectant\/","title":{"rendered":"\u00dastn\u00ed antibakteri\u00e1ln\u00ed \u00fastn\u00ed voda \u2013 dezinfek\u010dn\u00ed prost\u0159edek pro \u00fastn\u00ed p\u00e9\u010di l\u00e9ka\u0159sk\u00e9 kvality ()"},"content":{"rendered":"<p><strong>\u00dastn\u00ed antibakteri\u00e1ln\u00ed \u00fastn\u00ed voda \u2013 dezinfek\u010dn\u00ed prost\u0159edek pro \u00fastn\u00ed p\u00e9\u010di l\u00e9ka\u0159sk\u00e9 kvality ()<\/strong><\/p>\n<table border=\"1\" cellpadding=\"6\" style=\"border-collapse:collapse;width:100%\"><\/table>","protected":false},"excerpt":{"rendered":"<p>\u00dastn\u00ed antibakteri\u00e1ln\u00ed \u00fastn\u00ed voda \u2013 dezinfek\u010dn\u00ed prost\u0159edek pro \u00fastn\u00ed p\u00e9\u010di l\u00e9ka\u0159sk\u00e9 kvality ()<\/p>","protected":false},"featured_media":29317,"comment_status":"open","ping_status":"closed","template":"","meta":{"_acf_changed":false},"product_brand":[],"product_cat":[787],"product_tag":[],"class_list":{"0":"post-29326","1":"product","2":"type-product","3":"status-publish","4":"has-post-thumbnail","6":"product_cat-disinfection-products-medical-disinfectant","8":"first","9":"instock","10":"shipping-taxable","11":"purchasable","12":"product-type-simple"},"acf":[],"_links":{"self":[{"href":"https:\/\/mantuglobal.com\/cs\/wp-json\/wp\/v2\/product\/29326","targetHints":{"allow":["GET"]}}],"collection":[{"href":"https:\/\/mantuglobal.com\/cs\/wp-json\/wp\/v2\/product"}],"about":[{"href":"https:\/\/mantuglobal.com\/cs\/wp-json\/wp\/v2\/types\/product"}],"replies":[{"embeddable":true,"href":"https:\/\/mantuglobal.com\/cs\/wp-json\/wp\/v2\/comments?post=29326"}],"version-history":[{"count":0,"href":"https:\/\/mantuglobal.com\/cs\/wp-json\/wp\/v2\/product\/29326\/revisions"}],"wp:featuredmedia":[{"embeddable":true,"href":"https:\/\/mantuglobal.com\/cs\/wp-json\/wp\/v2\/media\/29317"}],"wp:attachment":[{"href":"https:\/\/mantuglobal.com\/cs\/wp-json\/wp\/v2\/media?parent=29326"}],"wp:term":[{"taxonomy":"product_brand","embeddable":true,"href":"https:\/\/mantuglobal.com\/cs\/wp-json\/wp\/v2\/product_brand?post=29326"},{"taxonomy":"product_cat","embeddable":true,"href":"https:\/\/mantuglobal.com\/cs\/wp-json\/wp\/v2\/product_cat?post=29326"},{"taxonomy":"product_tag","embeddable":true,"href":"https:\/\/mantuglobal.com\/cs\/wp-json\/wp\/v2\/product_tag?post=29326"}],"curies":[{"name":"wp","href":"https:\/\/api.w.org\/{rel}","templated":true}]}}