{"id":31372,"date":"2026-05-07T10:03:43","date_gmt":"2026-05-07T02:03:43","guid":{"rendered":"https:\/\/mantuglobal.com\/product\/mcquay-navigator-high-efficiency-screw-air-cooled-heat-pump-mhs-pr3-419-1609kw\/"},"modified":"2026-05-07T10:03:43","modified_gmt":"2026-05-07T02:03:43","slug":"mcquay-navigator-high-efficiency-screw-air-cooled-heat-pump-mhs-pr3-419-1609kw","status":"publish","type":"product","link":"https:\/\/mantuglobal.com\/ca\/product\/mcquay-navigator-high-efficiency-screw-air-cooled-heat-pump-mhs-pr3-419-1609kw\/","title":{"rendered":"Bomba de calor refrigerada per aire de cargol d'alta efici\u00e8ncia McQuay Navigator MHS-PR3 - 419-1609 kW"},"content":{"rendered":"<p><strong>Bomba de calor refrigerada per aire de cargol d'alta efici\u00e8ncia McQuay Navigator MHS-PR3<\/strong><\/p>\n<p>Bomba de calor de cargol VFD d'efici\u00e8ncia premium de la s\u00e8rie Navigator de McQuay. Rendiment l\u00edder en la ind\u00fastria per a la refrigeraci\u00f3 i la calefacci\u00f3 en aplicacions comercials i industrials.<\/p>\n<p><strong>Gamma de models:<\/strong> MHS125~468PR3<\/p>\n<table>\n<tr>\n<td>Capacitat de refrigeraci\u00f3<\/td>\n<td>419 ~ 1.609 kW<\/td>\n<\/tr>\n<tr>\n<td>Capacitat de calefacci\u00f3<\/td>\n<td>418 ~ 1.601 kW<\/td>\n<\/tr>\n<tr>\n<td>Refrigerant<\/td>\n<td>R134a<\/td>\n<\/tr>\n<tr>\n<td>S\u00e8rie<\/td>\n<td>Navegador (\u9886\u822a\u8005)<\/td>\n<\/tr>\n<\/table>\n<p><strong>Caracter\u00edstiques principals:<\/strong> Efici\u00e8ncia ins\u00edgnia del navegador | Compressor de cargol VFD | Ampli rang de 419-1609 kW | R134a | Important estalvi de costos operatius<\/p>\n<p><strong>Aplicacions:<\/strong> Grans comercials, calefacci\u00f3 urbana, industrials, hospitals, centres de dades<\/p>\n<p><strong>Marca:<\/strong> McQuay | S\u00e8rie Navigator<\/p>","protected":false},"excerpt":{"rendered":"<p>Bomba de calor VFD d'alta efici\u00e8ncia Navigator refrigerada per aire. Refrigeraci\u00f3: 419-1609kW, Calefacci\u00f3: 418-1601kW. R134a. Efici\u00e8ncia l\u00edder en el sector. S\u00e8rie Flagship Navigator.<\/p>","protected":false},"featured_media":31366,"comment_status":"closed","ping_status":"closed","template":"","meta":{"_acf_changed":false},"product_brand":[971],"product_cat":[970],"product_tag":[],"class_list":{"0":"post-31372","1":"product","2":"type-product","3":"status-publish","4":"has-post-thumbnail","6":"product_brand-mcquay","7":"product_cat-commercial-air-conditioners","9":"first","10":"instock","11":"shipping-taxable","12":"product-type-simple"},"acf":[],"_links":{"self":[{"href":"https:\/\/mantuglobal.com\/ca\/wp-json\/wp\/v2\/product\/31372","targetHints":{"allow":["GET"]}}],"collection":[{"href":"https:\/\/mantuglobal.com\/ca\/wp-json\/wp\/v2\/product"}],"about":[{"href":"https:\/\/mantuglobal.com\/ca\/wp-json\/wp\/v2\/types\/product"}],"replies":[{"embeddable":true,"href":"https:\/\/mantuglobal.com\/ca\/wp-json\/wp\/v2\/comments?post=31372"}],"version-history":[{"count":0,"href":"https:\/\/mantuglobal.com\/ca\/wp-json\/wp\/v2\/product\/31372\/revisions"}],"wp:featuredmedia":[{"embeddable":true,"href":"https:\/\/mantuglobal.com\/ca\/wp-json\/wp\/v2\/media\/31366"}],"wp:attachment":[{"href":"https:\/\/mantuglobal.com\/ca\/wp-json\/wp\/v2\/media?parent=31372"}],"wp:term":[{"taxonomy":"product_brand","embeddable":true,"href":"https:\/\/mantuglobal.com\/ca\/wp-json\/wp\/v2\/product_brand?post=31372"},{"taxonomy":"product_cat","embeddable":true,"href":"https:\/\/mantuglobal.com\/ca\/wp-json\/wp\/v2\/product_cat?post=31372"},{"taxonomy":"product_tag","embeddable":true,"href":"https:\/\/mantuglobal.com\/ca\/wp-json\/wp\/v2\/product_tag?post=31372"}],"curies":[{"name":"wp","href":"https:\/\/api.w.org\/{rel}","templated":true}]}}