{"id":29785,"date":"2026-04-24T10:54:02","date_gmt":"2026-04-24T02:54:02","guid":{"rendered":"https:\/\/mantuglobal.com\/product\/chierda-nb81-4g-lte-network-two-way-radio\/"},"modified":"2026-04-24T10:54:02","modified_gmt":"2026-04-24T02:54:02","slug":"chierda-nb81-4g-lte-network-two-way-radio","status":"publish","type":"product","link":"https:\/\/mantuglobal.com\/ca\/product\/chierda-nb81-4g-lte-network-two-way-radio\/","title":{"rendered":"R\u00e0dio bidireccional de xarxa 4G LTE CHIERDA NB81"},"content":{"rendered":"<h2>Walkie-Talkie de xarxa Chierda NB81 (4G LTE).<\/h2>\n<ul>\n<li>Enregistrament de la plataforma: el n\u00favol registra totes les trucades per revisar-les<\/li>\n<li>Posicionament de l'estaci\u00f3 base: localitzeu la r\u00e0dio a trav\u00e9s de torres cel\u00b7lulars<\/li>\n<li>Visualitzaci\u00f3 de la previsi\u00f3 meteorol\u00f2gica<\/li>\n<li>Canvi de SIM dual: utilitzeu dues xarxes simult\u00e0niament<\/li>\n<li>Pantalla OLED: contrast n\u00edtid, baix consum d'energia<\/li>\n<li>C\u00e0rrega USB tipus C: c\u00f2moda, r\u00e0pida i universal<\/li>\n<li>Individual \/ Grup \/ Totes les trucades: modes de trucada flexibles<\/li>\n<li>LED\u5f3a\u5149\u624b\u7535\u7b52<\/li>\n<\/ul>\n<h2>Especificacions t\u00e8cniques<\/h2>\n<table>\n<tr>\n<td><strong>Capacitat de la bateria<\/strong><\/td>\n<td>2500 mAh<\/td>\n<\/tr>\n<tr>\n<td><strong>Dimensions<\/strong><\/td>\n<td>92x52x32 mm<\/td>\n<\/tr>\n<tr>\n<td><strong>Tensi\u00f3 de treball<\/strong><\/td>\n<td>3,7 V<\/td>\n<\/tr>\n<\/table>","protected":false},"excerpt":{"rendered":"<p>Chierda NB81 - Walkie-Talkie de xarxa (4G LTE). Enregistrament de la plataforma: el n\u00favol registra totes les trucades per revisar-les. Posicionament de l'estaci\u00f3 base: localitzeu la r\u00e0dio a trav\u00e9s de torres cel\u00b7lulars. Visualitzaci\u00f3 de la previsi\u00f3 meteorol\u00f2gica<\/p>","protected":false},"featured_media":29731,"comment_status":"open","ping_status":"closed","template":"","meta":{"_acf_changed":false},"product_brand":[],"product_cat":[637],"product_tag":[],"class_list":{"0":"post-29785","1":"product","2":"type-product","3":"status-publish","4":"has-post-thumbnail","6":"product_cat-walkie-talkie-two-way-radio","8":"first","9":"instock","10":"shipping-taxable","11":"purchasable","12":"product-type-simple"},"acf":[],"_links":{"self":[{"href":"https:\/\/mantuglobal.com\/ca\/wp-json\/wp\/v2\/product\/29785","targetHints":{"allow":["GET"]}}],"collection":[{"href":"https:\/\/mantuglobal.com\/ca\/wp-json\/wp\/v2\/product"}],"about":[{"href":"https:\/\/mantuglobal.com\/ca\/wp-json\/wp\/v2\/types\/product"}],"replies":[{"embeddable":true,"href":"https:\/\/mantuglobal.com\/ca\/wp-json\/wp\/v2\/comments?post=29785"}],"version-history":[{"count":0,"href":"https:\/\/mantuglobal.com\/ca\/wp-json\/wp\/v2\/product\/29785\/revisions"}],"wp:featuredmedia":[{"embeddable":true,"href":"https:\/\/mantuglobal.com\/ca\/wp-json\/wp\/v2\/media\/29731"}],"wp:attachment":[{"href":"https:\/\/mantuglobal.com\/ca\/wp-json\/wp\/v2\/media?parent=29785"}],"wp:term":[{"taxonomy":"product_brand","embeddable":true,"href":"https:\/\/mantuglobal.com\/ca\/wp-json\/wp\/v2\/product_brand?post=29785"},{"taxonomy":"product_cat","embeddable":true,"href":"https:\/\/mantuglobal.com\/ca\/wp-json\/wp\/v2\/product_cat?post=29785"},{"taxonomy":"product_tag","embeddable":true,"href":"https:\/\/mantuglobal.com\/ca\/wp-json\/wp\/v2\/product_tag?post=29785"}],"curies":[{"name":"wp","href":"https:\/\/api.w.org\/{rel}","templated":true}]}}