{"id":30745,"date":"2026-04-28T10:56:17","date_gmt":"2026-04-28T02:56:17","guid":{"rendered":"https:\/\/mantuglobal.com\/product\/superfire-g7-compact-professional-light\/"},"modified":"2026-04-28T11:07:18","modified_gmt":"2026-04-28T03:07:18","slug":"superfire-g7-compact-professional-light","status":"publish","type":"product","link":"https:\/\/mantuglobal.com\/bs\/product\/superfire-g7-compact-professional-light\/","title":{"rendered":"SUPERFIRE G7 kompaktno profesionalno radno svjetlo"},"content":{"rendered":"<h3>Klju\u010dne karakteristike<\/h3>\n<ul>\n<li>Sklopivi dizajn za jednostavno skladi\u0161tenje<\/li>\n<li>Vi\u0161e opcija monta\u017ee<\/li>\n<li>Kompaktan i prenosiv<\/li>\n<li>SUPERFIRE \u2013 Profesionalna rasvjetna rje\u0161enja<br \/>\nKatalog proizvoda 2024<\/li>\n<\/ul>\n<p>Marka: <strong>SUPERFIRE<\/strong> \u2014 Profesionalna rje\u0161enja za rasvjetu<\/p>","protected":false},"excerpt":{"rendered":"<p>Sklopivi dizajn za lako skladi\u0161tenje | Vi\u0161e mogu\u0107nosti monta\u017ee | Kompaktan i prenosiv | SUPERFIRE \u2013 Profesionalna rasvjetna rje\u0161enja<br \/>\nKatalog proizvoda 2024<\/p>","protected":false},"featured_media":30370,"comment_status":"open","ping_status":"closed","template":"","meta":{"_acf_changed":false},"product_brand":[],"product_cat":[858],"product_tag":[885,905],"class_list":{"0":"post-30745","1":"product","2":"type-product","3":"status-publish","4":"has-post-thumbnail","6":"product_cat-led-work-lights","7":"product_tag-superfire","8":"product_tag-work-light","10":"first","11":"instock","12":"shipping-taxable","13":"product-type-simple"},"acf":[],"_links":{"self":[{"href":"https:\/\/mantuglobal.com\/bs\/wp-json\/wp\/v2\/product\/30745","targetHints":{"allow":["GET"]}}],"collection":[{"href":"https:\/\/mantuglobal.com\/bs\/wp-json\/wp\/v2\/product"}],"about":[{"href":"https:\/\/mantuglobal.com\/bs\/wp-json\/wp\/v2\/types\/product"}],"replies":[{"embeddable":true,"href":"https:\/\/mantuglobal.com\/bs\/wp-json\/wp\/v2\/comments?post=30745"}],"version-history":[{"count":1,"href":"https:\/\/mantuglobal.com\/bs\/wp-json\/wp\/v2\/product\/30745\/revisions"}],"predecessor-version":[{"id":30871,"href":"https:\/\/mantuglobal.com\/bs\/wp-json\/wp\/v2\/product\/30745\/revisions\/30871"}],"wp:featuredmedia":[{"embeddable":true,"href":"https:\/\/mantuglobal.com\/bs\/wp-json\/wp\/v2\/media\/30370"}],"wp:attachment":[{"href":"https:\/\/mantuglobal.com\/bs\/wp-json\/wp\/v2\/media?parent=30745"}],"wp:term":[{"taxonomy":"product_brand","embeddable":true,"href":"https:\/\/mantuglobal.com\/bs\/wp-json\/wp\/v2\/product_brand?post=30745"},{"taxonomy":"product_cat","embeddable":true,"href":"https:\/\/mantuglobal.com\/bs\/wp-json\/wp\/v2\/product_cat?post=30745"},{"taxonomy":"product_tag","embeddable":true,"href":"https:\/\/mantuglobal.com\/bs\/wp-json\/wp\/v2\/product_tag?post=30745"}],"curies":[{"name":"wp","href":"https:\/\/api.w.org\/{rel}","templated":true}]}}