{"id":31332,"date":"2026-05-06T15:45:06","date_gmt":"2026-05-06T07:45:06","guid":{"rendered":"https:\/\/mantuglobal.com\/product\/hualing-gear-oil-gl-5-85w-90-18l-ep-gear-lubricant\/"},"modified":"2026-05-07T09:37:19","modified_gmt":"2026-05-07T01:37:19","slug":"hualing-gear-oil-gl-5-85w-90-18l-ep-gear-lubricant","status":"publish","type":"product","link":"https:\/\/mantuglobal.com\/az\/product\/hualing-gear-oil-gl-5-85w-90-18l-ep-gear-lubricant\/","title":{"rendered":"HUALING Di\u015fli Ya\u011f\u0131 GL-5 85W-90 18L \u2013 EP \u00d6t\u00fcr\u00fcc\u00fc Ya\u011f\u0131"},"content":{"rendered":"<p><strong>HUALING Di\u015fli Ya\u011f\u0131 GL-5 85W-90 18L \u2013 EP \u00d6t\u00fcr\u00fcc\u00fc Ya\u011f\u0131<\/strong><\/p>\n<p>Y\u00fcks\u0259k performansl\u0131 h\u0259ddind\u0259n art\u0131q t\u0259zyiq di\u015fli ya\u011f\u0131 GL-5 85W-90. 18L h\u0259cm (barel ba\u015f\u0131na 16,5 kq). Daha y\u00fcks\u0259k temperaturlu i\u015f \u015f\u0259raiti \u00fc\u00e7\u00fcn 80W-90 il\u0259 m\u00fcqayis\u0259d\u0259 daha qal\u0131n \u00f6zl\u00fcl\u00fck d\u0259r\u0259c\u0259si.<\/p>\n<p><strong>X\u00fcsusiyy\u0259tl\u0259r:<\/strong><\/p>\n<table>\n<tbody>\n<tr>\n<td><strong>D\u0259r\u0259c\u0259<\/strong><\/td>\n<td>GL-5 85W-90<\/td>\n<\/tr>\n<tr>\n<td><strong>Tutum<\/strong><\/td>\n<td>18 l<\/td>\n<\/tr>\n<tr>\n<td><strong>\u00c7\u0259ki<\/strong><\/td>\n<td>16,5 kq\/barel<\/td>\n<\/tr>\n<tr>\n<td><strong>M\u0259n\u015f\u0259<\/strong><\/td>\n<td>\u015eandunq, \u00c7in<\/td>\n<\/tr>\n<tr>\n<td><strong>Qiym\u0259t (EXW)<\/strong><\/td>\n<td>RMB \uffe5200 \/ vahid<\/td>\n<\/tr>\n<\/tbody>\n<\/table>\n<p><strong>\u018fsas X\u00fcsusiyy\u0259tl\u0259r:<\/strong><\/p>\n<ul>\n<li>A\u011f\u0131r i\u015f \u00fc\u00e7\u00fcn GL-5 h\u0259ddind\u0259n art\u0131q t\u0259zyiq a\u015fqar paketi<\/li>\n<li>Daha y\u00fcks\u0259k temperatur m\u00fchitl\u0259ri \u00fc\u00e7\u00fcn daha qal\u0131n 85W-90 d\u0259r\u0259c\u0259li<\/li>\n<li>\u018fla a\u015f\u0131nma \u0259leyhin\u0259 v\u0259 EP performans\u0131<\/li>\n<li>Yax\u015f\u0131 s\u0131zd\u0131rmazl\u0131q uy\u011funlu\u011fu v\u0259 k\u00f6p\u00fck \u0259leyhin\u0259 x\u00fcsusiyy\u0259tl\u0259r<\/li>\n<li>B\u00fct\u00fcn m\u00f6vs\u00fcm \u00fc\u00e7\u00fcn \u00e7ox s\u0259viyy\u0259li rahatl\u0131q<\/li>\n<\/ul>\n<p><strong>T\u0259tbiql\u0259r:<\/strong> Mexanik transmissiyalar, diferensiallar, s\u00fcr\u0259t qutular\u0131, n\u0259qliyyat park\u0131, ticar\u0259t avtomobill\u0259ri<\/p>\n<p><strong>\u0130stehsal\u00e7\u0131:<\/strong> HUALING YA\u011eLAMA | \u015eandunq, \u00c7in<\/p>","protected":false},"excerpt":{"rendered":"<p>\u00d6t\u00fcr\u00fcc\u00fc ya\u011f\u0131 GL-5 85W-90, 18L (16.5kq). Mexanik \u00f6t\u00fcrm\u0259l\u0259r, diferensiallar, s\u00fcr\u0259t qutular\u0131 \u00fc\u00e7\u00fcn EP h\u0259ddind\u0259n art\u0131q t\u0259zyiqli di\u015fli ya\u011f\u0131. Daha y\u00fcks\u0259k temperaturdan qorunmaq \u00fc\u00e7\u00fcn daha qal\u0131n \u00f6zl\u00fcl\u00fck d\u0259r\u0259c\u0259si.<\/p>","protected":false},"featured_media":31317,"comment_status":"closed","ping_status":"closed","template":"","meta":{"_acf_changed":false},"product_brand":[],"product_cat":[721],"product_tag":[],"class_list":{"0":"post-31332","1":"product","2":"type-product","3":"status-publish","4":"has-post-thumbnail","6":"product_cat-mechanical-oil-2","8":"first","9":"instock","10":"shipping-taxable","11":"product-type-simple"},"acf":[],"_links":{"self":[{"href":"https:\/\/mantuglobal.com\/az\/wp-json\/wp\/v2\/product\/31332","targetHints":{"allow":["GET"]}}],"collection":[{"href":"https:\/\/mantuglobal.com\/az\/wp-json\/wp\/v2\/product"}],"about":[{"href":"https:\/\/mantuglobal.com\/az\/wp-json\/wp\/v2\/types\/product"}],"replies":[{"embeddable":true,"href":"https:\/\/mantuglobal.com\/az\/wp-json\/wp\/v2\/comments?post=31332"}],"version-history":[{"count":1,"href":"https:\/\/mantuglobal.com\/az\/wp-json\/wp\/v2\/product\/31332\/revisions"}],"predecessor-version":[{"id":31338,"href":"https:\/\/mantuglobal.com\/az\/wp-json\/wp\/v2\/product\/31332\/revisions\/31338"}],"wp:featuredmedia":[{"embeddable":true,"href":"https:\/\/mantuglobal.com\/az\/wp-json\/wp\/v2\/media\/31317"}],"wp:attachment":[{"href":"https:\/\/mantuglobal.com\/az\/wp-json\/wp\/v2\/media?parent=31332"}],"wp:term":[{"taxonomy":"product_brand","embeddable":true,"href":"https:\/\/mantuglobal.com\/az\/wp-json\/wp\/v2\/product_brand?post=31332"},{"taxonomy":"product_cat","embeddable":true,"href":"https:\/\/mantuglobal.com\/az\/wp-json\/wp\/v2\/product_cat?post=31332"},{"taxonomy":"product_tag","embeddable":true,"href":"https:\/\/mantuglobal.com\/az\/wp-json\/wp\/v2\/product_tag?post=31332"}],"curies":[{"name":"wp","href":"https:\/\/api.w.org\/{rel}","templated":true}]}}